{"id":14948,"date":"2026-02-19T09:40:19","date_gmt":"2026-02-19T09:40:19","guid":{"rendered":"https:\/\/www.ergelabulic.com\/?page_id=14948"},"modified":"2026-02-21T12:24:11","modified_gmt":"2026-02-21T12:24:11","slug":"o-konjima","status":"publish","type":"page","link":"https:\/\/www.ergelabulic.com\/en\/o-konjima\/","title":{"rendered":"O konjima"},"content":{"rendered":"<div data-elementor-type=\"wp-page\" data-elementor-id=\"14948\" class=\"elementor elementor-14948\">\n\t\t\t\t\t\t<section class=\"elementor-section elementor-top-section elementor-element elementor-element-0a04aa0 elementor-section-height-min-height ct-section-stretched elementor-section-boxed elementor-section-height-default elementor-section-items-middle\" data-id=\"0a04aa0\" data-element_type=\"section\" data-e-type=\"section\" data-settings=\"{&quot;background_background&quot;:&quot;classic&quot;,&quot;_ha_eqh_enable&quot;:false}\">\n\t\t\t\t\t\t\t<div class=\"elementor-background-overlay\"><\/div>\n\t\t\t\t\t\t\t<div class=\"elementor-container elementor-column-gap-default\">\n\t\t\t\t\t<div class=\"elementor-column elementor-col-100 elementor-top-column elementor-element elementor-element-6792f16\" data-id=\"6792f16\" data-element_type=\"column\" data-e-type=\"column\">\n\t\t\t<div class=\"elementor-widget-wrap\">\n\t\t\t\t\t\t\t<\/div>\n\t\t<\/div>\n\t\t\t\t\t<\/div>\n\t\t<\/section>\n\t\t\t\t<section class=\"elementor-section elementor-top-section elementor-element elementor-element-fd44f3e elementor-section-content-middle elementor-section-boxed elementor-section-height-default elementor-section-height-default\" data-id=\"fd44f3e\" data-element_type=\"section\" data-e-type=\"section\" data-settings=\"{&quot;_ha_eqh_enable&quot;:false}\">\n\t\t\t\t\t\t<div class=\"elementor-container elementor-column-gap-default\">\n\t\t\t\t\t<div class=\"elementor-column elementor-col-50 elementor-top-column elementor-element elementor-element-01ccf06\" data-id=\"01ccf06\" data-element_type=\"column\" data-e-type=\"column\" data-settings=\"{&quot;animation&quot;:&quot;none&quot;}\">\n\t\t\t<div class=\"elementor-widget-wrap elementor-element-populated\">\n\t\t\t\t\t\t<div class=\"elementor-element elementor-element-7158ef1 animated-slow elementor-widget elementor-widget-image\" data-id=\"7158ef1\" data-element_type=\"widget\" data-e-type=\"widget\" data-settings=\"{&quot;_animation&quot;:&quot;none&quot;,&quot;_animation_tablet&quot;:&quot;slideInLeft&quot;,&quot;_animation_delay&quot;:0}\" data-widget_type=\"image.default\">\n\t\t\t\t<div class=\"elementor-widget-container\">\n\t\t\t\t\t\t\t\t\t\t\t\t\t\t\t<img fetchpriority=\"high\" decoding=\"async\" width=\"800\" height=\"600\" src=\"https:\/\/www.ergelabulic.com\/wp-content\/uploads\/2026\/02\/konji028a.png\" class=\"attachment-large size-large wp-image-14961\" alt=\"\" srcset=\"https:\/\/www.ergelabulic.com\/wp-content\/uploads\/2026\/02\/konji028a.png 800w, https:\/\/www.ergelabulic.com\/wp-content\/uploads\/2026\/02\/konji028a-500x375.png 500w, https:\/\/www.ergelabulic.com\/wp-content\/uploads\/2026\/02\/konji028a-768x576.png 768w, https:\/\/www.ergelabulic.com\/wp-content\/uploads\/2026\/02\/konji028a-16x12.png 16w\" sizes=\"(max-width: 800px) 100vw, 800px\" \/>\t\t\t\t\t\t\t\t\t\t\t\t\t\t\t<\/div>\n\t\t\t\t<\/div>\n\t\t\t\t\t<\/div>\n\t\t<\/div>\n\t\t\t\t<div class=\"elementor-column elementor-col-50 elementor-top-column elementor-element elementor-element-f8413b1\" data-id=\"f8413b1\" data-element_type=\"column\" data-e-type=\"column\">\n\t\t\t<div class=\"elementor-widget-wrap elementor-element-populated\">\n\t\t\t\t\t\t<div class=\"elementor-element elementor-element-60ba10a elementor-widget elementor-widget-heading\" data-id=\"60ba10a\" data-element_type=\"widget\" data-e-type=\"widget\" data-widget_type=\"heading.default\">\n\t\t\t\t<div class=\"elementor-widget-container\">\n\t\t\t\t\t<h2 class=\"elementor-heading-title elementor-size-default\">HORSE SELLING<\/h2>\t\t\t\t<\/div>\n\t\t\t\t<\/div>\n\t\t\t\t<div class=\"elementor-element elementor-element-07dc2de elementor-widget elementor-widget-text-editor\" data-id=\"07dc2de\" data-element_type=\"widget\" data-e-type=\"widget\" data-widget_type=\"text-editor.default\">\n\t\t\t\t<div class=\"elementor-widget-container\">\n\t\t\t\t\t\t\t\t\t<p>Buying a horse is not just a purchase \u2013 it is choosing a partner, collaborator and friend for the long term. At Ergela Buli\u0107, we approach this process with full responsibility, because we know how important it is that the temperament, potential and character of the horse match the needs of the future owner.<\/p><p>Our sales are based on careful selection, planned breeding and proper development of each horse from an early age. We don't just offer horses - we offer safety, proven pedigree and professional support.<\/p>\t\t\t\t\t\t\t\t<\/div>\n\t\t\t\t<\/div>\n\t\t\t\t\t<\/div>\n\t\t<\/div>\n\t\t\t\t\t<\/div>\n\t\t<\/section>\n\t\t\t\t<section class=\"elementor-section elementor-top-section elementor-element elementor-element-2657205e elementor-section-boxed elementor-section-height-default elementor-section-height-default\" data-id=\"2657205e\" data-element_type=\"section\" data-e-type=\"section\" data-settings=\"{&quot;_ha_eqh_enable&quot;:false}\">\n\t\t\t\t\t\t<div class=\"elementor-container elementor-column-gap-default\">\n\t\t\t\t\t<div class=\"elementor-column elementor-col-50 elementor-top-column elementor-element elementor-element-40e2a2c6\" data-id=\"40e2a2c6\" data-element_type=\"column\" data-e-type=\"column\">\n\t\t\t<div class=\"elementor-widget-wrap elementor-element-populated\">\n\t\t\t\t\t\t<div class=\"elementor-element elementor-element-268944ca elementor-widget elementor-widget-heading\" data-id=\"268944ca\" data-element_type=\"widget\" data-e-type=\"widget\" data-widget_type=\"heading.default\">\n\t\t\t\t<div class=\"elementor-widget-container\">\n\t\t\t\t\t<h2 class=\"elementor-heading-title elementor-size-default\">CAREFULLY <br>SELECTED HORSES<\/h2>\t\t\t\t<\/div>\n\t\t\t\t<\/div>\n\t\t\t\t<div class=\"elementor-element elementor-element-4d7d135b elementor-widget elementor-widget-text-editor\" data-id=\"4d7d135b\" data-element_type=\"widget\" data-e-type=\"widget\" data-widget_type=\"text-editor.default\">\n\t\t\t\t<div class=\"elementor-widget-container\">\n\t\t\t\t\t\t\t\t\t<p>The offer includes:<\/p>\n<ul>\n<li>Young perspective horses - with correct conformation, good movement and potential for sport or further breeding<\/li>\n<li>Trained horses for recreational riding \u2013 stable temperament, reliable and adapted to different levels of rider experience<\/li>\n<li>Sport horses \u2013 ready for dressage, harness racing or other disciplines<\/li>\n<li>Breeding stallions and mares \u2013 with neat pedigrees and proven genetic quality<\/li>\n<\/ul>\n<p>Each horse in our offer is regularly checked by a veterinarian, properly fed and cared for, with clearly defined characteristics and development history.<\/p>\t\t\t\t\t\t\t\t<\/div>\n\t\t\t\t<\/div>\n\t\t\t\t\t<\/div>\n\t\t<\/div>\n\t\t\t\t<div class=\"elementor-column elementor-col-50 elementor-top-column elementor-element elementor-element-5a2e3018 elementor-hidden-mobile\" data-id=\"5a2e3018\" data-element_type=\"column\" data-e-type=\"column\">\n\t\t\t<div class=\"elementor-widget-wrap elementor-element-populated\">\n\t\t\t\t\t\t<div class=\"elementor-element elementor-element-27dab40e elementor-widget elementor-widget-image\" data-id=\"27dab40e\" data-element_type=\"widget\" data-e-type=\"widget\" data-widget_type=\"image.default\">\n\t\t\t\t<div class=\"elementor-widget-container\">\n\t\t\t\t\t\t\t\t\t\t\t\t\t\t\t<img decoding=\"async\" width=\"640\" height=\"854\" src=\"https:\/\/www.ergelabulic.com\/wp-content\/uploads\/2026\/01\/dan-zastave-009.jpg\" class=\"attachment-large size-large wp-image-14650\" alt=\"\" srcset=\"https:\/\/www.ergelabulic.com\/wp-content\/uploads\/2026\/01\/dan-zastave-009.jpg 640w, https:\/\/www.ergelabulic.com\/wp-content\/uploads\/2026\/01\/dan-zastave-009-375x500.jpg 375w, https:\/\/www.ergelabulic.com\/wp-content\/uploads\/2026\/01\/dan-zastave-009-9x12.jpg 9w\" sizes=\"(max-width: 640px) 100vw, 640px\" \/>\t\t\t\t\t\t\t\t\t\t\t\t\t\t\t<\/div>\n\t\t\t\t<\/div>\n\t\t\t\t\t<\/div>\n\t\t<\/div>\n\t\t\t\t\t<\/div>\n\t\t<\/section>\n\t\t\t\t<section class=\"elementor-section elementor-top-section elementor-element elementor-element-7ad0d5a9 elementor-section-boxed elementor-section-height-default elementor-section-height-default\" data-id=\"7ad0d5a9\" data-element_type=\"section\" data-e-type=\"section\" data-settings=\"{&quot;_ha_eqh_enable&quot;:false}\">\n\t\t\t\t\t\t<div class=\"elementor-container elementor-column-gap-default\">\n\t\t\t\t\t<div class=\"elementor-column elementor-col-50 elementor-top-column elementor-element elementor-element-50b4ea53\" data-id=\"50b4ea53\" data-element_type=\"column\" data-e-type=\"column\">\n\t\t\t<div class=\"elementor-widget-wrap elementor-element-populated\">\n\t\t\t\t\t\t<div class=\"elementor-element elementor-element-6ed0f570 elementor-widget elementor-widget-image\" data-id=\"6ed0f570\" data-element_type=\"widget\" data-e-type=\"widget\" data-widget_type=\"image.default\">\n\t\t\t\t<div class=\"elementor-widget-container\">\n\t\t\t\t\t\t\t\t\t\t\t\t\t\t\t<img decoding=\"async\" width=\"768\" height=\"1024\" src=\"https:\/\/www.ergelabulic.com\/wp-content\/uploads\/2026\/02\/konji40-768x1024.jpeg\" class=\"attachment-large size-large wp-image-14935\" alt=\"\" srcset=\"https:\/\/www.ergelabulic.com\/wp-content\/uploads\/2026\/02\/konji40-768x1024.jpeg 768w, https:\/\/www.ergelabulic.com\/wp-content\/uploads\/2026\/02\/konji40-375x500.jpeg 375w, https:\/\/www.ergelabulic.com\/wp-content\/uploads\/2026\/02\/konji40-1152x1536.jpeg 1152w, https:\/\/www.ergelabulic.com\/wp-content\/uploads\/2026\/02\/konji40-1536x2048.jpeg 1536w, https:\/\/www.ergelabulic.com\/wp-content\/uploads\/2026\/02\/konji40-9x12.jpeg 9w, https:\/\/www.ergelabulic.com\/wp-content\/uploads\/2026\/02\/konji40.jpeg 1744w\" sizes=\"(max-width: 768px) 100vw, 768px\" \/>\t\t\t\t\t\t\t\t\t\t\t\t\t\t\t<\/div>\n\t\t\t\t<\/div>\n\t\t\t\t\t<\/div>\n\t\t<\/div>\n\t\t\t\t<div class=\"elementor-column elementor-col-50 elementor-top-column elementor-element elementor-element-1b8e7701\" data-id=\"1b8e7701\" data-element_type=\"column\" data-e-type=\"column\">\n\t\t\t<div class=\"elementor-widget-wrap elementor-element-populated\">\n\t\t\t\t\t\t<div class=\"elementor-element elementor-element-22178b8c elementor-widget elementor-widget-heading\" data-id=\"22178b8c\" data-element_type=\"widget\" data-e-type=\"widget\" data-widget_type=\"heading.default\">\n\t\t\t\t<div class=\"elementor-widget-container\">\n\t\t\t\t\t<h2 class=\"elementor-heading-title elementor-size-default\">BREEDING CONDITIONS<br>AND CARE<\/h2>\t\t\t\t<\/div>\n\t\t\t\t<\/div>\n\t\t\t\t<div class=\"elementor-element elementor-element-42a0841f elementor-widget elementor-widget-text-editor\" data-id=\"42a0841f\" data-element_type=\"widget\" data-e-type=\"widget\" data-widget_type=\"text-editor.default\">\n\t\t\t\t<div class=\"elementor-widget-container\">\n\t\t\t\t\t\t\t\t\t<p>We believe that the quality of a horse begins with the conditions in which it is raised. Our horses are kept in spacious paddocks, have daily exercise and are constantly cared for by professional staff. We pay special attention to:<\/p>\n<ul>\n<li>proper nutrition adapted to age and purpose<\/li>\n<li>regular hoof care and hygiene<\/li>\n<li>gradual and professional training<\/li>\n<li>socialization and working with people<\/li>\n<\/ul>\n<p>The result is a horse that is physically fit, mentally stable and ready for further work.<\/p>\t\t\t\t\t\t\t\t<\/div>\n\t\t\t\t<\/div>\n\t\t\t\t\t<\/div>\n\t\t<\/div>\n\t\t\t\t\t<\/div>\n\t\t<\/section>\n\t\t\t\t<section class=\"elementor-section elementor-top-section elementor-element elementor-element-5f7a727f ct-section-stretched elementor-section-boxed elementor-section-height-default elementor-section-height-default\" data-id=\"5f7a727f\" data-element_type=\"section\" data-e-type=\"section\" data-settings=\"{&quot;background_background&quot;:&quot;classic&quot;,&quot;_ha_eqh_enable&quot;:false}\">\n\t\t\t\t\t\t\t<div class=\"elementor-background-overlay\"><\/div>\n\t\t\t\t\t\t\t<div class=\"elementor-container elementor-column-gap-default\">\n\t\t\t\t\t<div class=\"elementor-column elementor-col-50 elementor-top-column elementor-element elementor-element-6787a7f4\" data-id=\"6787a7f4\" data-element_type=\"column\" data-e-type=\"column\">\n\t\t\t<div class=\"elementor-widget-wrap elementor-element-populated\">\n\t\t\t\t\t\t<div class=\"elementor-element elementor-element-a37b82b elementor-widget elementor-widget-heading\" data-id=\"a37b82b\" data-element_type=\"widget\" data-e-type=\"widget\" data-widget_type=\"heading.default\">\n\t\t\t\t<div class=\"elementor-widget-container\">\n\t\t\t\t\t<h2 class=\"elementor-heading-title elementor-size-default\">INDIVIDUAL<br> APPROACH TO THE CUSTOMER<\/h2>\t\t\t\t<\/div>\n\t\t\t\t<\/div>\n\t\t\t\t<div class=\"elementor-element elementor-element-5a9adca6 elementor-widget elementor-widget-text-editor\" data-id=\"5a9adca6\" data-element_type=\"widget\" data-e-type=\"widget\" data-widget_type=\"text-editor.default\">\n\t\t\t\t<div class=\"elementor-widget-container\">\n\t\t\t\t\t\t\t\t\t<p>We understand that every customer has different goals \u2013 whether it's recreational riding, sport, tourism or breeding. That's why we provide:<\/p><ul><li>advice on choosing a horse<\/li><li>detailed information on origin and character<\/li><li>opportunity to try out and get to know the horse<\/li><li>support after purchase<\/li><li>organization of transport and logistics so that your new horse arrives safely at your location;<\/li><\/ul><p>Our goal is not just a sale \u2013 but the long-term satisfaction and success of the new owners.<\/p>\t\t\t\t\t\t\t\t<\/div>\n\t\t\t\t<\/div>\n\t\t\t\t\t<\/div>\n\t\t<\/div>\n\t\t\t\t<div class=\"elementor-column elementor-col-50 elementor-top-column elementor-element elementor-element-426a6b92\" data-id=\"426a6b92\" data-element_type=\"column\" data-e-type=\"column\" data-settings=\"{&quot;background_background&quot;:&quot;classic&quot;}\">\n\t\t\t<div class=\"elementor-widget-wrap elementor-element-populated\">\n\t\t\t\t\t\t<div class=\"elementor-element elementor-element-c1957de elementor-widget elementor-widget-image\" data-id=\"c1957de\" data-element_type=\"widget\" data-e-type=\"widget\" data-widget_type=\"image.default\">\n\t\t\t\t<div class=\"elementor-widget-container\">\n\t\t\t\t\t\t\t\t\t\t\t\t\t\t\t<img loading=\"lazy\" decoding=\"async\" width=\"800\" height=\"533\" src=\"https:\/\/www.ergelabulic.com\/wp-content\/uploads\/2026\/01\/bastina-076.jpg\" class=\"attachment-large size-large wp-image-14726\" alt=\"\" srcset=\"https:\/\/www.ergelabulic.com\/wp-content\/uploads\/2026\/01\/bastina-076.jpg 800w, https:\/\/www.ergelabulic.com\/wp-content\/uploads\/2026\/01\/bastina-076-500x333.jpg 500w, https:\/\/www.ergelabulic.com\/wp-content\/uploads\/2026\/01\/bastina-076-768x512.jpg 768w, https:\/\/www.ergelabulic.com\/wp-content\/uploads\/2026\/01\/bastina-076-18x12.jpg 18w\" sizes=\"(max-width: 800px) 100vw, 800px\" \/>\t\t\t\t\t\t\t\t\t\t\t\t\t\t\t<\/div>\n\t\t\t\t<\/div>\n\t\t\t\t\t<\/div>\n\t\t<\/div>\n\t\t\t\t\t<\/div>\n\t\t<\/section>\n\t\t\t\t<section class=\"elementor-section elementor-top-section elementor-element elementor-element-15ff71b0 elementor-section-boxed elementor-section-height-default elementor-section-height-default\" data-id=\"15ff71b0\" data-element_type=\"section\" data-e-type=\"section\" data-settings=\"{&quot;_ha_eqh_enable&quot;:false}\">\n\t\t\t\t\t\t<div class=\"elementor-container elementor-column-gap-default\">\n\t\t\t\t\t<div class=\"elementor-column elementor-col-50 elementor-top-column elementor-element elementor-element-4c116f3e\" data-id=\"4c116f3e\" data-element_type=\"column\" data-e-type=\"column\">\n\t\t\t<div class=\"elementor-widget-wrap elementor-element-populated\">\n\t\t\t\t\t\t<div class=\"elementor-element elementor-element-1d895150 elementor-widget elementor-widget-image\" data-id=\"1d895150\" data-element_type=\"widget\" data-e-type=\"widget\" data-widget_type=\"image.default\">\n\t\t\t\t<div class=\"elementor-widget-container\">\n\t\t\t\t\t\t\t\t\t\t\t\t\t\t\t<img loading=\"lazy\" decoding=\"async\" width=\"512\" height=\"512\" src=\"https:\/\/www.ergelabulic.com\/wp-content\/uploads\/2025\/09\/cropped-grb-bulic-5-01.png\" class=\"attachment-large size-large wp-image-13084\" alt=\"\" srcset=\"https:\/\/www.ergelabulic.com\/wp-content\/uploads\/2025\/09\/cropped-grb-bulic-5-01.png 512w, https:\/\/www.ergelabulic.com\/wp-content\/uploads\/2025\/09\/cropped-grb-bulic-5-01-300x300.png 300w, https:\/\/www.ergelabulic.com\/wp-content\/uploads\/2025\/09\/cropped-grb-bulic-5-01-150x150.png 150w, https:\/\/www.ergelabulic.com\/wp-content\/uploads\/2025\/09\/cropped-grb-bulic-5-01-12x12.png 12w, https:\/\/www.ergelabulic.com\/wp-content\/uploads\/2025\/09\/cropped-grb-bulic-5-01-270x270.png 270w, https:\/\/www.ergelabulic.com\/wp-content\/uploads\/2025\/09\/cropped-grb-bulic-5-01-192x192.png 192w, https:\/\/www.ergelabulic.com\/wp-content\/uploads\/2025\/09\/cropped-grb-bulic-5-01-180x180.png 180w, https:\/\/www.ergelabulic.com\/wp-content\/uploads\/2025\/09\/cropped-grb-bulic-5-01-32x32.png 32w\" sizes=\"(max-width: 512px) 100vw, 512px\" \/>\t\t\t\t\t\t\t\t\t\t\t\t\t\t\t<\/div>\n\t\t\t\t<\/div>\n\t\t\t\t\t<\/div>\n\t\t<\/div>\n\t\t\t\t<div class=\"elementor-column elementor-col-50 elementor-top-column elementor-element elementor-element-7f88c7ab\" data-id=\"7f88c7ab\" data-element_type=\"column\" data-e-type=\"column\">\n\t\t\t<div class=\"elementor-widget-wrap elementor-element-populated\">\n\t\t\t\t\t\t<div class=\"elementor-element elementor-element-66ea26b6 elementor-widget__width-initial elementor-widget elementor-widget-heading\" data-id=\"66ea26b6\" data-element_type=\"widget\" data-e-type=\"widget\" data-widget_type=\"heading.default\">\n\t\t\t\t<div class=\"elementor-widget-container\">\n\t\t\t\t\t<h2 class=\"elementor-heading-title elementor-size-default\">VISIT US<\/h2>\t\t\t\t<\/div>\n\t\t\t\t<\/div>\n\t\t\t\t<div class=\"elementor-element elementor-element-2bf0341d elementor-widget__width-initial elementor-widget elementor-widget-text-editor\" data-id=\"2bf0341d\" data-element_type=\"widget\" data-e-type=\"widget\" data-widget_type=\"text-editor.default\">\n\t\t\t\t<div class=\"elementor-widget-container\">\n\t\t\t\t\t\t\t\t\t<p>We invite you to visit us in person, meet our horses and feel the atmosphere of the stable. We believe that true quality is best recognized in person \u2013 in the movement, posture and character of the horse.<\/p><p>For additional information about currently available horses, prices and purchase conditions, please feel free to contact us. We will be happy to help you find a horse that will meet your expectations.<\/p>\t\t\t\t\t\t\t\t<\/div>\n\t\t\t\t<\/div>\n\t\t\t\t<div class=\"elementor-element elementor-element-6f5a496 elementor-align-center elementor-widget elementor-widget-button\" data-id=\"6f5a496\" data-element_type=\"widget\" data-e-type=\"widget\" data-widget_type=\"button.default\">\n\t\t\t\t<div class=\"elementor-widget-container\">\n\t\t\t\t\t\t\t\t\t<div class=\"elementor-button-wrapper\">\n\t\t\t\t\t<a class=\"elementor-button elementor-button-link elementor-size-sm\" href=\"https:\/\/www.ergelabulic.com\/en\/kontakt\/\">\n\t\t\t\t\t\t<span class=\"elementor-button-content-wrapper\">\n\t\t\t\t\t\t<span class=\"elementor-button-icon\">\n\t\t\t\t<svg aria-hidden=\"true\" class=\"e-font-icon-svg e-fas-phone-alt\" viewbox=\"0 0 512 512\" xmlns=\"http:\/\/www.w3.org\/2000\/svg\"><path d=\"M497.39 361.8l-112-48a24 24 0 0 0-28 6.9l-49.6 60.6A370.66 370.66 0 0 1 130.6 204.11l60.6-49.6a23.94 23.94 0 0 0 6.9-28l-48-112A24.16 24.16 0 0 0 122.6.61l-104 24A24 24 0 0 0 0 48c0 256.5 207.9 464 464 464a24 24 0 0 0 23.4-18.6l24-104a24.29 24.29 0 0 0-14.01-27.6z\"><\/path><\/svg>\t\t\t<\/span>\n\t\t\t\t\t\t\t\t\t<span class=\"elementor-button-text\">CONTACT US NOW!<\/span>\n\t\t\t\t\t<\/span>\n\t\t\t\t\t<\/a>\n\t\t\t\t<\/div>\n\t\t\t\t\t\t\t\t<\/div>\n\t\t\t\t<\/div>\n\t\t\t\t\t<\/div>\n\t\t<\/div>\n\t\t\t\t\t<\/div>\n\t\t<\/section>\n\t\t\t\t<\/div>","protected":false},"excerpt":{"rendered":"<p>PRODAJA KONJA Kupovina konja nije obi\u010dna kupovina \u2013 to je izbor partnera, saradnika i prijatelja na duge staze. U Ergeli Buli\u0107 pristupamo tom procesu sa punom odgovorno\u0161\u0107u, jer znamo koliko je va\u017eno da se temperament, potencijal i karakter konja poklope sa potrebama budu\u0107eg vlasnika. Na\u0161a prodaja zasniva se na pa\u017eljivoj selekciji, planskom uzgoju i pravilnom [&hellip;]<\/p>\n","protected":false},"author":1,"featured_media":0,"parent":0,"menu_order":0,"comment_status":"closed","ping_status":"closed","template":"","meta":{"footnotes":""},"class_list":["post-14948","page","type-page","status-publish","hentry"],"blocksy_meta":[],"_links":{"self":[{"href":"https:\/\/www.ergelabulic.com\/en\/wp-json\/wp\/v2\/pages\/14948","targetHints":{"allow":["GET"]}}],"collection":[{"href":"https:\/\/www.ergelabulic.com\/en\/wp-json\/wp\/v2\/pages"}],"about":[{"href":"https:\/\/www.ergelabulic.com\/en\/wp-json\/wp\/v2\/types\/page"}],"author":[{"embeddable":true,"href":"https:\/\/www.ergelabulic.com\/en\/wp-json\/wp\/v2\/users\/1"}],"replies":[{"embeddable":true,"href":"https:\/\/www.ergelabulic.com\/en\/wp-json\/wp\/v2\/comments?post=14948"}],"version-history":[{"count":102,"href":"https:\/\/www.ergelabulic.com\/en\/wp-json\/wp\/v2\/pages\/14948\/revisions"}],"predecessor-version":[{"id":15067,"href":"https:\/\/www.ergelabulic.com\/en\/wp-json\/wp\/v2\/pages\/14948\/revisions\/15067"}],"wp:attachment":[{"href":"https:\/\/www.ergelabulic.com\/en\/wp-json\/wp\/v2\/media?parent=14948"}],"curies":[{"name":"wp","href":"https:\/\/api.w.org\/{rel}","templated":true}]}}