{"id":13997,"date":"2026-01-12T11:47:34","date_gmt":"2026-01-12T11:47:34","guid":{"rendered":"https:\/\/www.ergelabulic.com\/?page_id=13997"},"modified":"2026-01-12T13:20:02","modified_gmt":"2026-01-12T13:20:02","slug":"snimanja-galerija","status":"publish","type":"page","link":"https:\/\/www.ergelabulic.com\/en\/snimanja-galerija\/","title":{"rendered":"snimanja galerija"},"content":{"rendered":"<div data-elementor-type=\"wp-page\" data-elementor-id=\"13997\" class=\"elementor elementor-13997\">\n\t\t\t\t\t\t<section class=\"elementor-section elementor-top-section elementor-element elementor-element-e23c038 elementor-section-height-min-height ct-section-stretched elementor-section-boxed elementor-section-height-default elementor-section-items-middle\" data-id=\"e23c038\" data-element_type=\"section\" data-e-type=\"section\" data-settings=\"{&quot;background_background&quot;:&quot;classic&quot;,&quot;_ha_eqh_enable&quot;:false}\">\n\t\t\t\t\t\t\t<div class=\"elementor-background-overlay\"><\/div>\n\t\t\t\t\t\t\t<div class=\"elementor-container elementor-column-gap-default\">\n\t\t\t\t\t<div class=\"elementor-column elementor-col-100 elementor-top-column elementor-element elementor-element-1d8522f\" data-id=\"1d8522f\" data-element_type=\"column\" data-e-type=\"column\">\n\t\t\t<div class=\"elementor-widget-wrap\">\n\t\t\t\t\t\t\t<\/div>\n\t\t<\/div>\n\t\t\t\t\t<\/div>\n\t\t<\/section>\n\t\t<div class=\"elementor-element elementor-element-6e6892a e-flex e-con-boxed e-con e-parent\" data-id=\"6e6892a\" data-element_type=\"container\" data-e-type=\"container\" data-settings=\"{&quot;_ha_eqh_enable&quot;:false}\">\n\t\t\t\t\t<div class=\"e-con-inner\">\n\t\t\t\t<div class=\"elementor-element elementor-element-acd441d ha-image-grid--masonry elementor-widget elementor-widget-ha-image-grid happy-addon ha-image-grid\" data-id=\"acd441d\" data-element_type=\"widget\" data-e-type=\"widget\" data-settings=\"{&quot;layout&quot;:&quot;masonry&quot;,&quot;enable_popup&quot;:&quot;yes&quot;}\" data-widget_type=\"ha-image-grid.default\">\n\t\t\t\t<div class=\"elementor-widget-container\">\n\t\t\t\t\t\t\t\t<div class=\"ha-filter hajs-filter\" data-default-filter=\".__fltr-1\" role=\"navigation\" aria-label=\"Gallery filter\">\n\t\t\t\t\t\t\t\t\t\t\t\t\t<button class=\"ha-filter__item\" type=\"button\" data-filter=\".__fltr-1\">Mini serija<\/button><\/li>\n\t\t\t\t\t\t\t\t\t<button class=\"ha-filter__item\" type=\"button\" data-filter=\".__fltr-2\">Crna gora<\/button><\/li>\n\t\t\t\t\t\t\t\t\t<button class=\"ha-filter__item\" type=\"button\" data-filter=\".__fltr-3\">Dr\u017eavni slu\u017ebenik<\/button><\/li>\n\t\t\t\t\t\t\t\t\t<button class=\"ha-filter__item\" type=\"button\" data-filter=\".__fltr-4\">Svetozar Mileti\u0107<\/button><\/li>\n\t\t\t\t\t\t\t\t\t<button class=\"ha-filter__item\" type=\"button\" data-filter=\".__fltr-5\">Zaspanka za vojnika<\/button><\/li>\n\t\t\t\t\t\t\t<\/div>\n\t\t\n\t\t<div class=\"ha-image-grid__wrap hajs-isotope ha-lightbox--has\">\n\t\t\t\t\t\t\t\n\t\t\t\t<a href=\"#\" data-mfp-src=\"https:\/\/www.ergelabulic.com\/wp-content\/uploads\/2026\/01\/mini-serija-001.jpeg\" class=\"ha-image-grid__item ha-js-lightbox __fltr-1\">\n\t\t\t\t\t<img fetchpriority=\"high\" decoding=\"async\" width=\"650\" height=\"650\" src=\"https:\/\/www.ergelabulic.com\/wp-content\/uploads\/2026\/01\/mini-serija-001-650x650.jpeg\" class=\"elementor-animation-grow\" alt=\"\" srcset=\"https:\/\/www.ergelabulic.com\/wp-content\/uploads\/2026\/01\/mini-serija-001-650x650.jpeg 650w, https:\/\/www.ergelabulic.com\/wp-content\/uploads\/2026\/01\/mini-serija-001-150x150.jpeg 150w\" sizes=\"(max-width: 650px) 100vw, 650px\" \/>\t\t\t\t<\/a>\n\t\t\t\t\t\t\t\n\t\t\t\t<a href=\"#\" data-mfp-src=\"https:\/\/www.ergelabulic.com\/wp-content\/uploads\/2026\/01\/mini-serija-002.jpeg\" class=\"ha-image-grid__item ha-js-lightbox __fltr-1\">\n\t\t\t\t\t<img decoding=\"async\" width=\"650\" height=\"650\" src=\"https:\/\/www.ergelabulic.com\/wp-content\/uploads\/2026\/01\/mini-serija-002-650x650.jpeg\" class=\"elementor-animation-grow\" alt=\"\" srcset=\"https:\/\/www.ergelabulic.com\/wp-content\/uploads\/2026\/01\/mini-serija-002-650x650.jpeg 650w, https:\/\/www.ergelabulic.com\/wp-content\/uploads\/2026\/01\/mini-serija-002-150x150.jpeg 150w\" sizes=\"(max-width: 650px) 100vw, 650px\" \/>\t\t\t\t<\/a>\n\t\t\t\t\t\t\t\n\t\t\t\t<a href=\"#\" data-mfp-src=\"https:\/\/www.ergelabulic.com\/wp-content\/uploads\/2026\/01\/mini-serija-003.jpeg\" class=\"ha-image-grid__item ha-js-lightbox __fltr-1\">\n\t\t\t\t\t<img decoding=\"async\" width=\"650\" height=\"650\" src=\"https:\/\/www.ergelabulic.com\/wp-content\/uploads\/2026\/01\/mini-serija-003-650x650.jpeg\" class=\"elementor-animation-grow\" alt=\"\" srcset=\"https:\/\/www.ergelabulic.com\/wp-content\/uploads\/2026\/01\/mini-serija-003-650x650.jpeg 650w, https:\/\/www.ergelabulic.com\/wp-content\/uploads\/2026\/01\/mini-serija-003-150x150.jpeg 150w\" sizes=\"(max-width: 650px) 100vw, 650px\" \/>\t\t\t\t<\/a>\n\t\t\t\t\t\t\t\n\t\t\t\t<a href=\"#\" data-mfp-src=\"https:\/\/www.ergelabulic.com\/wp-content\/uploads\/2026\/01\/mini-serija-004.jpg\" class=\"ha-image-grid__item ha-js-lightbox __fltr-1\">\n\t\t\t\t\t<img loading=\"lazy\" decoding=\"async\" width=\"650\" height=\"650\" src=\"https:\/\/www.ergelabulic.com\/wp-content\/uploads\/2026\/01\/mini-serija-004-650x650.jpg\" class=\"elementor-animation-grow\" alt=\"\" srcset=\"https:\/\/www.ergelabulic.com\/wp-content\/uploads\/2026\/01\/mini-serija-004-650x650.jpg 650w, https:\/\/www.ergelabulic.com\/wp-content\/uploads\/2026\/01\/mini-serija-004-150x150.jpg 150w\" sizes=\"(max-width: 650px) 100vw, 650px\" \/>\t\t\t\t<\/a>\n\t\t\t\t\t\t\t\n\t\t\t\t<a href=\"#\" data-mfp-src=\"https:\/\/www.ergelabulic.com\/wp-content\/uploads\/2026\/01\/mini-serija-005.jpeg\" class=\"ha-image-grid__item ha-js-lightbox __fltr-1\">\n\t\t\t\t\t<img loading=\"lazy\" decoding=\"async\" width=\"650\" height=\"650\" src=\"https:\/\/www.ergelabulic.com\/wp-content\/uploads\/2026\/01\/mini-serija-005-650x650.jpeg\" class=\"elementor-animation-grow\" alt=\"\" srcset=\"https:\/\/www.ergelabulic.com\/wp-content\/uploads\/2026\/01\/mini-serija-005-650x650.jpeg 650w, https:\/\/www.ergelabulic.com\/wp-content\/uploads\/2026\/01\/mini-serija-005-150x150.jpeg 150w\" sizes=\"(max-width: 650px) 100vw, 650px\" \/>\t\t\t\t<\/a>\n\t\t\t\t\t\t\t\n\t\t\t\t<a href=\"#\" data-mfp-src=\"https:\/\/www.ergelabulic.com\/wp-content\/uploads\/2026\/01\/mini-serija-006.jpeg\" class=\"ha-image-grid__item ha-js-lightbox __fltr-1\">\n\t\t\t\t\t<img loading=\"lazy\" decoding=\"async\" width=\"650\" height=\"540\" src=\"https:\/\/www.ergelabulic.com\/wp-content\/uploads\/2026\/01\/mini-serija-006-650x540.jpeg\" class=\"elementor-animation-grow\" alt=\"\" \/>\t\t\t\t<\/a>\n\t\t\t\t\t\t\t\n\t\t\t\t<a href=\"#\" data-mfp-src=\"https:\/\/www.ergelabulic.com\/wp-content\/uploads\/2026\/01\/mini-serija-007.jpeg\" class=\"ha-image-grid__item ha-js-lightbox __fltr-1\">\n\t\t\t\t\t<img loading=\"lazy\" decoding=\"async\" width=\"650\" height=\"540\" src=\"https:\/\/www.ergelabulic.com\/wp-content\/uploads\/2026\/01\/mini-serija-007-650x540.jpeg\" class=\"elementor-animation-grow\" alt=\"\" \/>\t\t\t\t<\/a>\n\t\t\t\t\t\t\t\n\t\t\t\t<a href=\"#\" data-mfp-src=\"https:\/\/www.ergelabulic.com\/wp-content\/uploads\/2026\/01\/mini-serija-008.jpeg\" class=\"ha-image-grid__item ha-js-lightbox __fltr-1\">\n\t\t\t\t\t<img loading=\"lazy\" decoding=\"async\" width=\"650\" height=\"650\" src=\"https:\/\/www.ergelabulic.com\/wp-content\/uploads\/2026\/01\/mini-serija-008-650x650.jpeg\" class=\"elementor-animation-grow\" alt=\"\" srcset=\"https:\/\/www.ergelabulic.com\/wp-content\/uploads\/2026\/01\/mini-serija-008-650x650.jpeg 650w, https:\/\/www.ergelabulic.com\/wp-content\/uploads\/2026\/01\/mini-serija-008-150x150.jpeg 150w\" sizes=\"(max-width: 650px) 100vw, 650px\" \/>\t\t\t\t<\/a>\n\t\t\t\t\t\t\t\n\t\t\t\t<a href=\"#\" data-mfp-src=\"https:\/\/www.ergelabulic.com\/wp-content\/uploads\/2026\/01\/mini-serija-009.jpeg\" class=\"ha-image-grid__item ha-js-lightbox __fltr-1\">\n\t\t\t\t\t<img loading=\"lazy\" decoding=\"async\" width=\"650\" height=\"650\" src=\"https:\/\/www.ergelabulic.com\/wp-content\/uploads\/2026\/01\/mini-serija-009-650x650.jpeg\" class=\"elementor-animation-grow\" alt=\"\" srcset=\"https:\/\/www.ergelabulic.com\/wp-content\/uploads\/2026\/01\/mini-serija-009-650x650.jpeg 650w, https:\/\/www.ergelabulic.com\/wp-content\/uploads\/2026\/01\/mini-serija-009-150x150.jpeg 150w\" sizes=\"(max-width: 650px) 100vw, 650px\" \/>\t\t\t\t<\/a>\n\t\t\t\t\t\t\t\n\t\t\t\t<a href=\"#\" data-mfp-src=\"https:\/\/www.ergelabulic.com\/wp-content\/uploads\/2026\/01\/monaco-001.jpeg\" class=\"ha-image-grid__item ha-js-lightbox __fltr-2\">\n\t\t\t\t\t<img loading=\"lazy\" decoding=\"async\" width=\"650\" height=\"650\" src=\"https:\/\/www.ergelabulic.com\/wp-content\/uploads\/2026\/01\/monaco-001-650x650.jpeg\" class=\"elementor-animation-grow\" alt=\"\" srcset=\"https:\/\/www.ergelabulic.com\/wp-content\/uploads\/2026\/01\/monaco-001-650x650.jpeg 650w, https:\/\/www.ergelabulic.com\/wp-content\/uploads\/2026\/01\/monaco-001-150x150.jpeg 150w\" sizes=\"(max-width: 650px) 100vw, 650px\" \/>\t\t\t\t<\/a>\n\t\t\t\t\t\t\t\n\t\t\t\t<a href=\"#\" data-mfp-src=\"https:\/\/www.ergelabulic.com\/wp-content\/uploads\/2026\/01\/monaco-002.jpeg\" class=\"ha-image-grid__item ha-js-lightbox __fltr-2\">\n\t\t\t\t\t<img loading=\"lazy\" decoding=\"async\" width=\"650\" height=\"650\" src=\"https:\/\/www.ergelabulic.com\/wp-content\/uploads\/2026\/01\/monaco-002-650x650.jpeg\" class=\"elementor-animation-grow\" alt=\"\" srcset=\"https:\/\/www.ergelabulic.com\/wp-content\/uploads\/2026\/01\/monaco-002-650x650.jpeg 650w, https:\/\/www.ergelabulic.com\/wp-content\/uploads\/2026\/01\/monaco-002-150x150.jpeg 150w\" sizes=\"(max-width: 650px) 100vw, 650px\" \/>\t\t\t\t<\/a>\n\t\t\t\t\t\t\t\n\t\t\t\t<a href=\"#\" data-mfp-src=\"https:\/\/www.ergelabulic.com\/wp-content\/uploads\/2026\/01\/monaco-003.jpeg\" class=\"ha-image-grid__item ha-js-lightbox __fltr-2\">\n\t\t\t\t\t<img loading=\"lazy\" decoding=\"async\" width=\"650\" height=\"650\" src=\"https:\/\/www.ergelabulic.com\/wp-content\/uploads\/2026\/01\/monaco-003-650x650.jpeg\" class=\"elementor-animation-grow\" alt=\"\" srcset=\"https:\/\/www.ergelabulic.com\/wp-content\/uploads\/2026\/01\/monaco-003-650x650.jpeg 650w, https:\/\/www.ergelabulic.com\/wp-content\/uploads\/2026\/01\/monaco-003-150x150.jpeg 150w\" sizes=\"(max-width: 650px) 100vw, 650px\" \/>\t\t\t\t<\/a>\n\t\t\t\t\t\t\t\n\t\t\t\t<a href=\"#\" data-mfp-src=\"https:\/\/www.ergelabulic.com\/wp-content\/uploads\/2026\/01\/drzavni-sluzbenik-001.jpg\" class=\"ha-image-grid__item ha-js-lightbox __fltr-3\">\n\t\t\t\t\t<img loading=\"lazy\" decoding=\"async\" width=\"650\" height=\"534\" src=\"https:\/\/www.ergelabulic.com\/wp-content\/uploads\/2026\/01\/drzavni-sluzbenik-001-650x534.jpg\" class=\"elementor-animation-grow\" alt=\"\" \/>\t\t\t\t<\/a>\n\t\t\t\t\t\t\t\n\t\t\t\t<a href=\"#\" data-mfp-src=\"https:\/\/www.ergelabulic.com\/wp-content\/uploads\/2026\/01\/drzavni-sluzbenik-002.jpg\" class=\"ha-image-grid__item ha-js-lightbox __fltr-3\">\n\t\t\t\t\t<img loading=\"lazy\" decoding=\"async\" width=\"650\" height=\"600\" src=\"https:\/\/www.ergelabulic.com\/wp-content\/uploads\/2026\/01\/drzavni-sluzbenik-002-650x600.jpg\" class=\"elementor-animation-grow\" alt=\"\" \/>\t\t\t\t<\/a>\n\t\t\t\t\t\t\t\n\t\t\t\t<a href=\"#\" data-mfp-src=\"https:\/\/www.ergelabulic.com\/wp-content\/uploads\/2026\/01\/drzavni-sluzbenik-003.jpg\" class=\"ha-image-grid__item ha-js-lightbox __fltr-3\">\n\t\t\t\t\t<img loading=\"lazy\" decoding=\"async\" width=\"650\" height=\"612\" src=\"https:\/\/www.ergelabulic.com\/wp-content\/uploads\/2026\/01\/drzavni-sluzbenik-003-650x612.jpg\" class=\"elementor-animation-grow\" alt=\"\" \/>\t\t\t\t<\/a>\n\t\t\t\t\t\t\t\n\t\t\t\t<a href=\"#\" data-mfp-src=\"https:\/\/www.ergelabulic.com\/wp-content\/uploads\/2026\/01\/drzavni-sluzbenik-004.jpg\" class=\"ha-image-grid__item ha-js-lightbox __fltr-3\">\n\t\t\t\t\t<img loading=\"lazy\" decoding=\"async\" width=\"650\" height=\"534\" src=\"https:\/\/www.ergelabulic.com\/wp-content\/uploads\/2026\/01\/drzavni-sluzbenik-004-650x534.jpg\" class=\"elementor-animation-grow\" alt=\"\" \/>\t\t\t\t<\/a>\n\t\t\t\t\t\t\t\n\t\t\t\t<a href=\"#\" data-mfp-src=\"https:\/\/www.ergelabulic.com\/wp-content\/uploads\/2026\/01\/drzavni-sluzbenik-005.jpg\" class=\"ha-image-grid__item ha-js-lightbox __fltr-3\">\n\t\t\t\t\t<img loading=\"lazy\" decoding=\"async\" width=\"650\" height=\"534\" src=\"https:\/\/www.ergelabulic.com\/wp-content\/uploads\/2026\/01\/drzavni-sluzbenik-005-650x534.jpg\" class=\"elementor-animation-grow\" alt=\"\" \/>\t\t\t\t<\/a>\n\t\t\t\t\t\t\t\n\t\t\t\t<a href=\"#\" data-mfp-src=\"https:\/\/www.ergelabulic.com\/wp-content\/uploads\/2026\/01\/drzavni-sluzbenik-006.jpg\" class=\"ha-image-grid__item ha-js-lightbox __fltr-3\">\n\t\t\t\t\t<img loading=\"lazy\" decoding=\"async\" width=\"650\" height=\"534\" src=\"https:\/\/www.ergelabulic.com\/wp-content\/uploads\/2026\/01\/drzavni-sluzbenik-006-650x534.jpg\" class=\"elementor-animation-grow\" alt=\"\" \/>\t\t\t\t<\/a>\n\t\t\t\t\t\t\t\n\t\t\t\t<a href=\"#\" data-mfp-src=\"https:\/\/www.ergelabulic.com\/wp-content\/uploads\/2026\/01\/drzavni-sluzbenik-007.jpg\" class=\"ha-image-grid__item ha-js-lightbox __fltr-3\">\n\t\t\t\t\t<img loading=\"lazy\" decoding=\"async\" width=\"650\" height=\"600\" src=\"https:\/\/www.ergelabulic.com\/wp-content\/uploads\/2026\/01\/drzavni-sluzbenik-007-650x600.jpg\" class=\"elementor-animation-grow\" alt=\"\" \/>\t\t\t\t<\/a>\n\t\t\t\t\t\t\t\n\t\t\t\t<a href=\"#\" data-mfp-src=\"https:\/\/www.ergelabulic.com\/wp-content\/uploads\/2026\/01\/drzavni-sluzbenik-008.jpg\" class=\"ha-image-grid__item ha-js-lightbox __fltr-3\">\n\t\t\t\t\t<img loading=\"lazy\" decoding=\"async\" width=\"650\" height=\"534\" src=\"https:\/\/www.ergelabulic.com\/wp-content\/uploads\/2026\/01\/drzavni-sluzbenik-008-650x534.jpg\" class=\"elementor-animation-grow\" alt=\"\" \/>\t\t\t\t<\/a>\n\t\t\t\t\t\t\t\n\t\t\t\t<a href=\"#\" data-mfp-src=\"https:\/\/www.ergelabulic.com\/wp-content\/uploads\/2026\/01\/drzavni-sluzbenik-009.jpg\" class=\"ha-image-grid__item ha-js-lightbox __fltr-3\">\n\t\t\t\t\t<img loading=\"lazy\" decoding=\"async\" width=\"650\" height=\"534\" src=\"https:\/\/www.ergelabulic.com\/wp-content\/uploads\/2026\/01\/drzavni-sluzbenik-009-650x534.jpg\" class=\"elementor-animation-grow\" alt=\"\" \/>\t\t\t\t<\/a>\n\t\t\t\t\t\t\t\n\t\t\t\t<a href=\"#\" data-mfp-src=\"https:\/\/www.ergelabulic.com\/wp-content\/uploads\/2026\/01\/drzavni-sluzbenik-010.jpg\" class=\"ha-image-grid__item ha-js-lightbox __fltr-3\">\n\t\t\t\t\t<img loading=\"lazy\" decoding=\"async\" width=\"650\" height=\"534\" src=\"https:\/\/www.ergelabulic.com\/wp-content\/uploads\/2026\/01\/drzavni-sluzbenik-010-650x534.jpg\" class=\"elementor-animation-grow\" alt=\"\" \/>\t\t\t\t<\/a>\n\t\t\t\t\t\t\t\n\t\t\t\t<a href=\"#\" data-mfp-src=\"https:\/\/www.ergelabulic.com\/wp-content\/uploads\/2026\/01\/svetozar-miletic-002.jpg\" class=\"ha-image-grid__item ha-js-lightbox __fltr-4\">\n\t\t\t\t\t<img loading=\"lazy\" decoding=\"async\" width=\"650\" height=\"562\" src=\"https:\/\/www.ergelabulic.com\/wp-content\/uploads\/2026\/01\/svetozar-miletic-002-650x562.jpg\" class=\"elementor-animation-grow\" alt=\"\" \/>\t\t\t\t<\/a>\n\t\t\t\t\t\t\t\n\t\t\t\t<a href=\"#\" data-mfp-src=\"https:\/\/www.ergelabulic.com\/wp-content\/uploads\/2026\/01\/svetozar-miletic-001.jpg\" class=\"ha-image-grid__item ha-js-lightbox __fltr-4\">\n\t\t\t\t\t<img loading=\"lazy\" decoding=\"async\" width=\"650\" height=\"650\" src=\"https:\/\/www.ergelabulic.com\/wp-content\/uploads\/2026\/01\/svetozar-miletic-001-650x650.jpg\" class=\"elementor-animation-grow\" alt=\"\" srcset=\"https:\/\/www.ergelabulic.com\/wp-content\/uploads\/2026\/01\/svetozar-miletic-001-650x650.jpg 650w, https:\/\/www.ergelabulic.com\/wp-content\/uploads\/2026\/01\/svetozar-miletic-001-150x150.jpg 150w\" sizes=\"(max-width: 650px) 100vw, 650px\" \/>\t\t\t\t<\/a>\n\t\t\t\t\t\t\t\n\t\t\t\t<a href=\"#\" data-mfp-src=\"https:\/\/www.ergelabulic.com\/wp-content\/uploads\/2026\/01\/svetozar-miletic-003.jpg\" class=\"ha-image-grid__item ha-js-lightbox __fltr-4\">\n\t\t\t\t\t<img loading=\"lazy\" decoding=\"async\" width=\"650\" height=\"562\" src=\"https:\/\/www.ergelabulic.com\/wp-content\/uploads\/2026\/01\/svetozar-miletic-003-650x562.jpg\" class=\"elementor-animation-grow\" alt=\"\" \/>\t\t\t\t<\/a>\n\t\t\t\t\t\t\t\n\t\t\t\t<a href=\"#\" data-mfp-src=\"https:\/\/www.ergelabulic.com\/wp-content\/uploads\/2026\/01\/svetozar-miletic-004.jpg\" class=\"ha-image-grid__item ha-js-lightbox __fltr-4\">\n\t\t\t\t\t<img loading=\"lazy\" decoding=\"async\" width=\"650\" height=\"562\" src=\"https:\/\/www.ergelabulic.com\/wp-content\/uploads\/2026\/01\/svetozar-miletic-004-650x562.jpg\" class=\"elementor-animation-grow\" alt=\"\" \/>\t\t\t\t<\/a>\n\t\t\t\t\t\t\t\n\t\t\t\t<a href=\"#\" data-mfp-src=\"https:\/\/www.ergelabulic.com\/wp-content\/uploads\/2026\/01\/svetozar-miletic-005.jpg\" class=\"ha-image-grid__item ha-js-lightbox __fltr-4\">\n\t\t\t\t\t<img loading=\"lazy\" decoding=\"async\" width=\"650\" height=\"562\" src=\"https:\/\/www.ergelabulic.com\/wp-content\/uploads\/2026\/01\/svetozar-miletic-005-650x562.jpg\" class=\"elementor-animation-grow\" alt=\"\" \/>\t\t\t\t<\/a>\n\t\t\t\t\t\t\t\n\t\t\t\t<a href=\"#\" data-mfp-src=\"https:\/\/www.ergelabulic.com\/wp-content\/uploads\/2026\/01\/svetozar-miletic-007.jpg\" class=\"ha-image-grid__item ha-js-lightbox __fltr-4\">\n\t\t\t\t\t<img loading=\"lazy\" decoding=\"async\" width=\"650\" height=\"650\" src=\"https:\/\/www.ergelabulic.com\/wp-content\/uploads\/2026\/01\/svetozar-miletic-007-650x650.jpg\" class=\"elementor-animation-grow\" alt=\"\" srcset=\"https:\/\/www.ergelabulic.com\/wp-content\/uploads\/2026\/01\/svetozar-miletic-007-650x650.jpg 650w, https:\/\/www.ergelabulic.com\/wp-content\/uploads\/2026\/01\/svetozar-miletic-007-150x150.jpg 150w\" sizes=\"(max-width: 650px) 100vw, 650px\" \/>\t\t\t\t<\/a>\n\t\t\t\t\t\t\t\n\t\t\t\t<a href=\"#\" data-mfp-src=\"https:\/\/www.ergelabulic.com\/wp-content\/uploads\/2026\/01\/svetozar-miletic-006.jpg\" class=\"ha-image-grid__item ha-js-lightbox __fltr-4\">\n\t\t\t\t\t<img loading=\"lazy\" decoding=\"async\" width=\"650\" height=\"562\" src=\"https:\/\/www.ergelabulic.com\/wp-content\/uploads\/2026\/01\/svetozar-miletic-006-650x562.jpg\" class=\"elementor-animation-grow\" alt=\"\" \/>\t\t\t\t<\/a>\n\t\t\t\t\t\t\t\n\t\t\t\t<a href=\"#\" data-mfp-src=\"https:\/\/www.ergelabulic.com\/wp-content\/uploads\/2026\/01\/svetozar-miletic-008.jpg\" class=\"ha-image-grid__item ha-js-lightbox __fltr-4\">\n\t\t\t\t\t<img loading=\"lazy\" decoding=\"async\" width=\"650\" height=\"562\" src=\"https:\/\/www.ergelabulic.com\/wp-content\/uploads\/2026\/01\/svetozar-miletic-008-650x562.jpg\" class=\"elementor-animation-grow\" alt=\"\" \/>\t\t\t\t<\/a>\n\t\t\t\t\t\t\t\n\t\t\t\t<a href=\"#\" data-mfp-src=\"https:\/\/www.ergelabulic.com\/wp-content\/uploads\/2026\/01\/svetozar-miletic-009.jpg\" class=\"ha-image-grid__item ha-js-lightbox __fltr-4\">\n\t\t\t\t\t<img loading=\"lazy\" decoding=\"async\" width=\"650\" height=\"562\" src=\"https:\/\/www.ergelabulic.com\/wp-content\/uploads\/2026\/01\/svetozar-miletic-009-650x562.jpg\" class=\"elementor-animation-grow\" alt=\"\" \/>\t\t\t\t<\/a>\n\t\t\t\t\t\t\t\n\t\t\t\t<a href=\"#\" data-mfp-src=\"https:\/\/www.ergelabulic.com\/wp-content\/uploads\/2026\/01\/zaspanka-za-vojnika-01.jpeg\" class=\"ha-image-grid__item ha-js-lightbox __fltr-5\">\n\t\t\t\t\t<img loading=\"lazy\" decoding=\"async\" width=\"650\" height=\"650\" src=\"https:\/\/www.ergelabulic.com\/wp-content\/uploads\/2026\/01\/zaspanka-za-vojnika-01-650x650.jpeg\" class=\"elementor-animation-grow\" alt=\"\" srcset=\"https:\/\/www.ergelabulic.com\/wp-content\/uploads\/2026\/01\/zaspanka-za-vojnika-01-650x650.jpeg 650w, https:\/\/www.ergelabulic.com\/wp-content\/uploads\/2026\/01\/zaspanka-za-vojnika-01-150x150.jpeg 150w\" sizes=\"(max-width: 650px) 100vw, 650px\" \/>\t\t\t\t<\/a>\n\t\t\t\t\t\t\t\n\t\t\t\t<a href=\"#\" data-mfp-src=\"https:\/\/www.ergelabulic.com\/wp-content\/uploads\/2026\/01\/zaspanka-za-vojnika-02.jpeg\" class=\"ha-image-grid__item ha-js-lightbox __fltr-5\">\n\t\t\t\t\t<img loading=\"lazy\" decoding=\"async\" width=\"650\" height=\"650\" src=\"https:\/\/www.ergelabulic.com\/wp-content\/uploads\/2026\/01\/zaspanka-za-vojnika-02-650x650.jpeg\" class=\"elementor-animation-grow\" alt=\"\" srcset=\"https:\/\/www.ergelabulic.com\/wp-content\/uploads\/2026\/01\/zaspanka-za-vojnika-02-650x650.jpeg 650w, https:\/\/www.ergelabulic.com\/wp-content\/uploads\/2026\/01\/zaspanka-za-vojnika-02-150x150.jpeg 150w\" sizes=\"(max-width: 650px) 100vw, 650px\" \/>\t\t\t\t<\/a>\n\t\t\t\t\t<\/div>\n\n\t\t\t\t\t\t<\/div>\n\t\t\t\t<\/div>\n\t\t\t\t<div class=\"elementor-element elementor-element-cddbe11 elementor-widget elementor-widget-spacer\" data-id=\"cddbe11\" data-element_type=\"widget\" data-e-type=\"widget\" data-widget_type=\"spacer.default\">\n\t\t\t\t<div class=\"elementor-widget-container\">\n\t\t\t\t\t\t\t<div class=\"elementor-spacer\">\n\t\t\t<div class=\"elementor-spacer-inner\"><\/div>\n\t\t<\/div>\n\t\t\t\t\t\t<\/div>\n\t\t\t\t<\/div>\n\t\t\t\t\t<\/div>\n\t\t\t\t<\/div>\n\t\t\t\t<\/div>","protected":false},"excerpt":{"rendered":"<p>Mini serija Crna gora Dr\u017eavni slu\u017ebenik Svetozar Mileti\u0107 Zaspanka za vojnika<\/p>","protected":false},"author":1,"featured_media":0,"parent":0,"menu_order":0,"comment_status":"closed","ping_status":"closed","template":"","meta":{"footnotes":""},"class_list":["post-13997","page","type-page","status-publish","hentry"],"blocksy_meta":[],"_links":{"self":[{"href":"https:\/\/www.ergelabulic.com\/en\/wp-json\/wp\/v2\/pages\/13997","targetHints":{"allow":["GET"]}}],"collection":[{"href":"https:\/\/www.ergelabulic.com\/en\/wp-json\/wp\/v2\/pages"}],"about":[{"href":"https:\/\/www.ergelabulic.com\/en\/wp-json\/wp\/v2\/types\/page"}],"author":[{"embeddable":true,"href":"https:\/\/www.ergelabulic.com\/en\/wp-json\/wp\/v2\/users\/1"}],"replies":[{"embeddable":true,"href":"https:\/\/www.ergelabulic.com\/en\/wp-json\/wp\/v2\/comments?post=13997"}],"version-history":[{"count":8,"href":"https:\/\/www.ergelabulic.com\/en\/wp-json\/wp\/v2\/pages\/13997\/revisions"}],"predecessor-version":[{"id":14849,"href":"https:\/\/www.ergelabulic.com\/en\/wp-json\/wp\/v2\/pages\/13997\/revisions\/14849"}],"wp:attachment":[{"href":"https:\/\/www.ergelabulic.com\/en\/wp-json\/wp\/v2\/media?parent=13997"}],"curies":[{"name":"wp","href":"https:\/\/api.w.org\/{rel}","templated":true}]}}