{"id":13731,"date":"2025-10-06T20:10:49","date_gmt":"2025-10-06T20:10:49","guid":{"rendered":"https:\/\/www.ergelabulic.com\/?page_id=13731"},"modified":"2026-02-21T12:50:48","modified_gmt":"2026-02-21T12:50:48","slug":"kocije","status":"publish","type":"page","link":"https:\/\/www.ergelabulic.com\/en\/kocije\/","title":{"rendered":"Carriages"},"content":{"rendered":"<div data-elementor-type=\"wp-page\" data-elementor-id=\"13731\" class=\"elementor elementor-13731\">\n\t\t\t\t\t\t<section class=\"elementor-section elementor-top-section elementor-element elementor-element-aa99e1d elementor-section-height-min-height ct-section-stretched elementor-section-boxed elementor-section-height-default elementor-section-items-middle\" data-id=\"aa99e1d\" data-element_type=\"section\" data-e-type=\"section\" data-settings=\"{&quot;background_background&quot;:&quot;classic&quot;,&quot;_ha_eqh_enable&quot;:false}\">\n\t\t\t\t\t\t\t<div class=\"elementor-background-overlay\"><\/div>\n\t\t\t\t\t\t\t<div class=\"elementor-container elementor-column-gap-default\">\n\t\t\t\t\t<div class=\"elementor-column elementor-col-100 elementor-top-column elementor-element elementor-element-4f8cbf6\" data-id=\"4f8cbf6\" data-element_type=\"column\" data-e-type=\"column\">\n\t\t\t<div class=\"elementor-widget-wrap\">\n\t\t\t\t\t\t\t<\/div>\n\t\t<\/div>\n\t\t\t\t\t<\/div>\n\t\t<\/section>\n\t\t\t\t<section class=\"elementor-section elementor-top-section elementor-element elementor-element-688ecae0 elementor-section-content-middle elementor-section-boxed elementor-section-height-default elementor-section-height-default\" data-id=\"688ecae0\" data-element_type=\"section\" data-e-type=\"section\" data-settings=\"{&quot;background_background&quot;:&quot;classic&quot;,&quot;_ha_eqh_enable&quot;:false}\">\n\t\t\t\t\t\t<div class=\"elementor-container elementor-column-gap-default\">\n\t\t\t\t\t<div class=\"elementor-column elementor-col-100 elementor-top-column elementor-element elementor-element-69c01c24\" data-id=\"69c01c24\" data-element_type=\"column\" data-e-type=\"column\">\n\t\t\t<div class=\"elementor-widget-wrap elementor-element-populated\">\n\t\t\t\t\t\t<div class=\"elementor-element elementor-element-178e3f7 elementor-widget elementor-widget-heading\" data-id=\"178e3f7\" data-element_type=\"widget\" data-e-type=\"widget\" data-widget_type=\"heading.default\">\n\t\t\t\t<div class=\"elementor-widget-container\">\n\t\t\t\t\t<h2 class=\"elementor-heading-title elementor-size-default\">CARRIAGE RENTAL<\/h2>\t\t\t\t<\/div>\n\t\t\t\t<\/div>\n\t\t\t\t<div class=\"elementor-element elementor-element-2e171824 elementor-widget elementor-widget-text-editor\" data-id=\"2e171824\" data-element_type=\"widget\" data-e-type=\"widget\" data-widget_type=\"text-editor.default\">\n\t\t\t\t<div class=\"elementor-widget-container\">\n\t\t\t\t\t\t\t\t\t<p>Add a touch of elegance and tradition to any special moment with our authentic, handcrafted carriages!<br \/>Our stable offers\u00a0<strong>horse-drawn carriage rental<\/strong>\u00a0for different occasions:<\/p>\t\t\t\t\t\t\t\t<\/div>\n\t\t\t\t<\/div>\n\t\t\t\t<section class=\"elementor-section elementor-inner-section elementor-element elementor-element-f6f0772 elementor-section-boxed elementor-section-height-default elementor-section-height-default\" data-id=\"f6f0772\" data-element_type=\"section\" data-e-type=\"section\" data-settings=\"{&quot;_ha_eqh_enable&quot;:false}\">\n\t\t\t\t\t\t<div class=\"elementor-container elementor-column-gap-default\">\n\t\t\t\t\t<div class=\"elementor-column elementor-col-33 elementor-inner-column elementor-element elementor-element-7655c440\" data-id=\"7655c440\" data-element_type=\"column\" data-e-type=\"column\">\n\t\t\t<div class=\"elementor-widget-wrap elementor-element-populated\">\n\t\t\t\t\t\t<div class=\"elementor-element elementor-element-4636d70d ha-card--top ha-card--tablet-top ha-card--mobile-top elementor-widget elementor-widget-ha-card happy-addon ha-card\" data-id=\"4636d70d\" data-element_type=\"widget\" data-e-type=\"widget\" data-widget_type=\"ha-card.default\">\n\t\t\t\t<div class=\"elementor-widget-container\">\n\t\t\t\t\t\n\t\t\t\t\t<figure class=\"ha-card-figure\">\n\t\t\t\t<img fetchpriority=\"high\" decoding=\"async\" width=\"1249\" height=\"927\" src=\"https:\/\/www.ergelabulic.com\/wp-content\/uploads\/2025\/10\/film2.jpg\" class=\"elementor-animation-float attachment-full size-full wp-image-13790\" alt=\"\" srcset=\"https:\/\/www.ergelabulic.com\/wp-content\/uploads\/2025\/10\/film2.jpg 1249w, https:\/\/www.ergelabulic.com\/wp-content\/uploads\/2025\/10\/film2-300x223.jpg 300w, https:\/\/www.ergelabulic.com\/wp-content\/uploads\/2025\/10\/film2-768x570.jpg 768w, https:\/\/www.ergelabulic.com\/wp-content\/uploads\/2025\/10\/film2-1024x760.jpg 1024w, https:\/\/www.ergelabulic.com\/wp-content\/uploads\/2025\/10\/film2-16x12.jpg 16w\" sizes=\"(max-width: 1249px) 100vw, 1249px\" \/>\t\t\t\t\t\t\t<\/figure>\n\t\t\n\t\t<div class=\"ha-card-body\">\n\n\t\t\t<h2 class=\"ha-card-title\">FILM &amp; COMMERCIALS<\/h2>\n\t\t\t\t\t\t\t<div class=\"ha-card-text\">\n\t\t\t\t\t<p>Filming films and commercials \u2013 historical, romantic or festive scenes with authentic models and trained horses.<\/p>\n\t\t\t\t<\/div>\n\t\t\t\n\t\t\t\t\t<\/div>\n\t\t\t\t\t\t<\/div>\n\t\t\t\t<\/div>\n\t\t\t\t\t<\/div>\n\t\t<\/div>\n\t\t\t\t<div class=\"elementor-column elementor-col-33 elementor-inner-column elementor-element elementor-element-b8d9158\" data-id=\"b8d9158\" data-element_type=\"column\" data-e-type=\"column\">\n\t\t\t<div class=\"elementor-widget-wrap elementor-element-populated\">\n\t\t\t\t\t\t<div class=\"elementor-element elementor-element-1b9a80f7 ha-card--top ha-card--tablet-top ha-card--mobile-top elementor-widget elementor-widget-ha-card happy-addon ha-card\" data-id=\"1b9a80f7\" data-element_type=\"widget\" data-e-type=\"widget\" data-widget_type=\"ha-card.default\">\n\t\t\t\t<div class=\"elementor-widget-container\">\n\t\t\t\t\t\n\t\t\t\t\t<figure class=\"ha-card-figure\">\n\t\t\t\t<img decoding=\"async\" width=\"1093\" height=\"875\" src=\"https:\/\/www.ergelabulic.com\/wp-content\/uploads\/2025\/10\/vencanje.jpg\" class=\"elementor-animation-float attachment-full size-full wp-image-13791\" alt=\"\" srcset=\"https:\/\/www.ergelabulic.com\/wp-content\/uploads\/2025\/10\/vencanje.jpg 1093w, https:\/\/www.ergelabulic.com\/wp-content\/uploads\/2025\/10\/vencanje-300x240.jpg 300w, https:\/\/www.ergelabulic.com\/wp-content\/uploads\/2025\/10\/vencanje-768x615.jpg 768w, https:\/\/www.ergelabulic.com\/wp-content\/uploads\/2025\/10\/vencanje-1024x820.jpg 1024w, https:\/\/www.ergelabulic.com\/wp-content\/uploads\/2025\/10\/vencanje-15x12.jpg 15w\" sizes=\"(max-width: 1093px) 100vw, 1093px\" \/>\t\t\t\t\t\t\t<\/figure>\n\t\t\n\t\t<div class=\"ha-card-body\">\n\n\t\t\t<h2 class=\"ha-card-title\">WEDDINGS<\/h2>\n\t\t\t\t\t\t\t<div class=\"ha-card-text\">\n\t\t\t\t\t<p><span>An unforgettable entrance of the newlyweds in a fairy-tale carriage<\/span> adds a touch of timeless elegance and true romance to every wedding.<\/p>\n\t\t\t\t<\/div>\n\t\t\t\n\t\t\t\t\t<\/div>\n\t\t\t\t\t\t<\/div>\n\t\t\t\t<\/div>\n\t\t\t\t\t<\/div>\n\t\t<\/div>\n\t\t\t\t<div class=\"elementor-column elementor-col-33 elementor-inner-column elementor-element elementor-element-59dafea6\" data-id=\"59dafea6\" data-element_type=\"column\" data-e-type=\"column\">\n\t\t\t<div class=\"elementor-widget-wrap elementor-element-populated\">\n\t\t\t\t\t\t<div class=\"elementor-element elementor-element-3afb8978 ha-card--top ha-card--tablet-top ha-card--mobile-top elementor-widget elementor-widget-ha-card happy-addon ha-card\" data-id=\"3afb8978\" data-element_type=\"widget\" data-e-type=\"widget\" data-widget_type=\"ha-card.default\">\n\t\t\t\t<div class=\"elementor-widget-container\">\n\t\t\t\t\t\n\t\t\t\t\t<figure class=\"ha-card-figure\">\n\t\t\t\t<img decoding=\"async\" width=\"1000\" height=\"892\" src=\"https:\/\/www.ergelabulic.com\/wp-content\/uploads\/2025\/12\/kocija1a.jpeg\" class=\"elementor-animation-float attachment-full size-full wp-image-13886\" alt=\"\" srcset=\"https:\/\/www.ergelabulic.com\/wp-content\/uploads\/2025\/12\/kocija1a.jpeg 1000w, https:\/\/www.ergelabulic.com\/wp-content\/uploads\/2025\/12\/kocija1a-300x268.jpeg 300w, https:\/\/www.ergelabulic.com\/wp-content\/uploads\/2025\/12\/kocija1a-768x685.jpeg 768w, https:\/\/www.ergelabulic.com\/wp-content\/uploads\/2025\/12\/kocija1a-13x12.jpeg 13w\" sizes=\"(max-width: 1000px) 100vw, 1000px\" \/>\t\t\t\t\t\t\t<\/figure>\n\t\t\n\t\t<div class=\"ha-card-body\">\n\n\t\t\t<h2 class=\"ha-card-title\">PROMOTIONS<\/h2>\n\t\t\t\t\t\t\t<div class=\"ha-card-text\">\n\t\t\t\t\t<p>Photo shoots and promotional events \u2013 perfect decoration for luxurious and themed events.<\/p>\n\t\t\t\t<\/div>\n\t\t\t\n\t\t\t\t\t<\/div>\n\t\t\t\t\t\t<\/div>\n\t\t\t\t<\/div>\n\t\t\t\t\t<\/div>\n\t\t<\/div>\n\t\t\t\t\t<\/div>\n\t\t<\/section>\n\t\t\t\t\t<\/div>\n\t\t<\/div>\n\t\t\t\t\t<\/div>\n\t\t<\/section>\n\t\t\t\t<section class=\"elementor-section elementor-top-section elementor-element elementor-element-c934b0c elementor-section-full_width elementor-section-height-default elementor-section-height-default\" data-id=\"c934b0c\" data-element_type=\"section\" data-e-type=\"section\" data-settings=\"{&quot;_ha_eqh_enable&quot;:false}\">\n\t\t\t\t\t\t<div class=\"elementor-container elementor-column-gap-wider\">\n\t\t\t\t\t<div class=\"elementor-column elementor-col-50 elementor-inner-column elementor-element elementor-element-3fb9ac36\" data-id=\"3fb9ac36\" data-element_type=\"column\" data-e-type=\"column\" data-settings=\"{&quot;background_background&quot;:&quot;classic&quot;}\">\n\t\t\t<div class=\"elementor-widget-wrap\">\n\t\t\t\t\t\t\t<\/div>\n\t\t<\/div>\n\t\t\t\t<div class=\"elementor-column elementor-col-50 elementor-inner-column elementor-element elementor-element-61e1ae6d\" data-id=\"61e1ae6d\" data-element_type=\"column\" data-e-type=\"column\" data-settings=\"{&quot;background_background&quot;:&quot;classic&quot;}\">\n\t\t\t<div class=\"elementor-widget-wrap elementor-element-populated\">\n\t\t\t\t\t\t<div class=\"elementor-element elementor-element-ebf7d6b elementor-widget elementor-widget-text-editor\" data-id=\"ebf7d6b\" data-element_type=\"widget\" data-e-type=\"widget\" data-widget_type=\"text-editor.default\">\n\t\t\t\t<div class=\"elementor-widget-container\">\n\t\t\t\t\t\t\t\t\t<p>The carriages are well-maintained, aesthetically decorated, and available in a variety of styles (classic, retro, formal). Our experienced carriage drivers, in traditional uniforms, ensure the safety and elegance of every performance.<\/p><ul><li>Possibility of renting by the hour, day or for the entire event.<\/li><li>We provide transportation to the location and complete logistical support during the filming or celebration.<\/li><\/ul><p><strong>Book an appointment<\/strong>\u00a0on time and make your event unforgettable with old-time charm.<\/p>\t\t\t\t\t\t\t\t<\/div>\n\t\t\t\t<\/div>\n\t\t\t\t<div class=\"elementor-element elementor-element-6d42550 elementor-align-right elementor-widget elementor-widget-button\" data-id=\"6d42550\" data-element_type=\"widget\" data-e-type=\"widget\" data-widget_type=\"button.default\">\n\t\t\t\t<div class=\"elementor-widget-container\">\n\t\t\t\t\t\t\t\t\t<div class=\"elementor-button-wrapper\">\n\t\t\t\t\t<a class=\"elementor-button elementor-button-link elementor-size-sm\" href=\"https:\/\/www.ergelabulic.com\/en\/kocije-galerija\/\">\n\t\t\t\t\t\t<span class=\"elementor-button-content-wrapper\">\n\t\t\t\t\t\t\t\t\t<span class=\"elementor-button-text\">Carriage gallery<\/span>\n\t\t\t\t\t<\/span>\n\t\t\t\t\t<\/a>\n\t\t\t\t<\/div>\n\t\t\t\t\t\t\t\t<\/div>\n\t\t\t\t<\/div>\n\t\t\t\t\t<\/div>\n\t\t<\/div>\n\t\t\t\t\t<\/div>\n\t\t<\/section>\n\t\t<div class=\"elementor-element elementor-element-37b2c0d e-flex e-con-boxed e-con e-parent\" data-id=\"37b2c0d\" data-element_type=\"container\" data-e-type=\"container\" data-settings=\"{&quot;_ha_eqh_enable&quot;:false}\">\n\t\t\t\t\t<div class=\"e-con-inner\">\n\t\t<div class=\"elementor-element elementor-element-46e20a0 e-con-full e-flex e-con e-child\" data-id=\"46e20a0\" data-element_type=\"container\" data-e-type=\"container\" data-settings=\"{&quot;_ha_eqh_enable&quot;:false}\">\n\t\t\t\t<div class=\"elementor-element elementor-element-8065f3e e-transform elementor-position-top elementor-widget elementor-widget-image-box\" data-id=\"8065f3e\" data-element_type=\"widget\" data-e-type=\"widget\" data-settings=\"{&quot;_transform_scale_effect_hover&quot;:{&quot;unit&quot;:&quot;px&quot;,&quot;size&quot;:0.9,&quot;sizes&quot;:[]},&quot;_transform_scale_effect_hover_tablet&quot;:{&quot;unit&quot;:&quot;px&quot;,&quot;size&quot;:&quot;&quot;,&quot;sizes&quot;:[]},&quot;_transform_scale_effect_hover_mobile&quot;:{&quot;unit&quot;:&quot;px&quot;,&quot;size&quot;:&quot;&quot;,&quot;sizes&quot;:[]}}\" data-widget_type=\"image-box.default\">\n\t\t\t\t<div class=\"elementor-widget-container\">\n\t\t\t\t\t<div class=\"elementor-image-box-wrapper\"><figure class=\"elementor-image-box-img\"><a href=\"https:\/\/www.ergelabulic.com\/en\/kocije-galerija\/\" tabindex=\"-1\"><img loading=\"lazy\" decoding=\"async\" width=\"900\" height=\"900\" src=\"https:\/\/www.ergelabulic.com\/wp-content\/uploads\/2026\/02\/model1-kocka.jpeg\" class=\"attachment-full size-full wp-image-14916\" alt=\"\" srcset=\"https:\/\/www.ergelabulic.com\/wp-content\/uploads\/2026\/02\/model1-kocka.jpeg 900w, https:\/\/www.ergelabulic.com\/wp-content\/uploads\/2026\/02\/model1-kocka-500x500.jpeg 500w, https:\/\/www.ergelabulic.com\/wp-content\/uploads\/2026\/02\/model1-kocka-150x150.jpeg 150w, https:\/\/www.ergelabulic.com\/wp-content\/uploads\/2026\/02\/model1-kocka-768x768.jpeg 768w, https:\/\/www.ergelabulic.com\/wp-content\/uploads\/2026\/02\/model1-kocka-12x12.jpeg 12w, https:\/\/www.ergelabulic.com\/wp-content\/uploads\/2026\/02\/model1-kocka-650x650.jpeg 650w\" sizes=\"(max-width: 900px) 100vw, 900px\" \/><\/a><\/figure><div class=\"elementor-image-box-content\"><h3 class=\"elementor-image-box-title\"><a href=\"https:\/\/www.ergelabulic.com\/en\/kocije-galerija\/\">CLASSIC CARRIAGES<\/a><\/h3><p class=\"elementor-image-box-description\">Classic wedding carriages in an elegant, traditional style. Characterized by a wooden structure with fine curved lines, large wheeled carriages and comfortable, upholstered seats with a protective awning.<\/p><\/div><\/div>\t\t\t\t<\/div>\n\t\t\t\t<\/div>\n\t\t\t\t<\/div>\n\t\t<div class=\"elementor-element elementor-element-e8258b3 e-con-full e-flex e-con e-child\" data-id=\"e8258b3\" data-element_type=\"container\" data-e-type=\"container\" data-settings=\"{&quot;_ha_eqh_enable&quot;:false}\">\n\t\t\t\t<div class=\"elementor-element elementor-element-2b38f41 e-transform elementor-position-top elementor-widget elementor-widget-image-box\" data-id=\"2b38f41\" data-element_type=\"widget\" data-e-type=\"widget\" data-settings=\"{&quot;_transform_scale_effect_hover&quot;:{&quot;unit&quot;:&quot;px&quot;,&quot;size&quot;:0.9,&quot;sizes&quot;:[]},&quot;_transform_scale_effect_hover_tablet&quot;:{&quot;unit&quot;:&quot;px&quot;,&quot;size&quot;:&quot;&quot;,&quot;sizes&quot;:[]},&quot;_transform_scale_effect_hover_mobile&quot;:{&quot;unit&quot;:&quot;px&quot;,&quot;size&quot;:&quot;&quot;,&quot;sizes&quot;:[]}}\" data-widget_type=\"image-box.default\">\n\t\t\t\t<div class=\"elementor-widget-container\">\n\t\t\t\t\t<div class=\"elementor-image-box-wrapper\"><figure class=\"elementor-image-box-img\"><a href=\"https:\/\/www.ergelabulic.com\/en\/kocije-galerija\/\" tabindex=\"-1\"><img loading=\"lazy\" decoding=\"async\" width=\"1200\" height=\"1200\" src=\"https:\/\/www.ergelabulic.com\/wp-content\/uploads\/2026\/02\/trening04.jpeg\" class=\"attachment-full size-full wp-image-14893\" alt=\"\" srcset=\"https:\/\/www.ergelabulic.com\/wp-content\/uploads\/2026\/02\/trening04.jpeg 1200w, https:\/\/www.ergelabulic.com\/wp-content\/uploads\/2026\/02\/trening04-500x500.jpeg 500w, https:\/\/www.ergelabulic.com\/wp-content\/uploads\/2026\/02\/trening04-1024x1024.jpeg 1024w, https:\/\/www.ergelabulic.com\/wp-content\/uploads\/2026\/02\/trening04-150x150.jpeg 150w, https:\/\/www.ergelabulic.com\/wp-content\/uploads\/2026\/02\/trening04-768x768.jpeg 768w, https:\/\/www.ergelabulic.com\/wp-content\/uploads\/2026\/02\/trening04-12x12.jpeg 12w, https:\/\/www.ergelabulic.com\/wp-content\/uploads\/2026\/02\/trening04-650x650.jpeg 650w\" sizes=\"(max-width: 1200px) 100vw, 1200px\" \/><\/a><\/figure><div class=\"elementor-image-box-content\"><h3 class=\"elementor-image-box-title\"><a href=\"https:\/\/www.ergelabulic.com\/en\/kocije-galerija\/\">TRAINING CARRIAGES<\/a><\/h3><p class=\"elementor-image-box-description\">Training vehicle for one horse or with a drawbar for two horses.<br>The vehicle in the picture is 11 years old and has a four-wheel braking system.<\/p><\/div><\/div>\t\t\t\t<\/div>\n\t\t\t\t<\/div>\n\t\t\t\t<\/div>\n\t\t\t\t\t<\/div>\n\t\t\t\t<\/div>\n\t\t\t\t<section class=\"elementor-section elementor-top-section elementor-element elementor-element-5b0aea16 elementor-section-boxed elementor-section-height-default elementor-section-height-default\" data-id=\"5b0aea16\" data-element_type=\"section\" data-e-type=\"section\" data-settings=\"{&quot;background_background&quot;:&quot;classic&quot;,&quot;_ha_eqh_enable&quot;:false}\">\n\t\t\t\t\t\t<div class=\"elementor-container elementor-column-gap-default\">\n\t\t\t\t\t<div class=\"elementor-column elementor-col-50 elementor-top-column elementor-element elementor-element-5d72805a\" data-id=\"5d72805a\" data-element_type=\"column\" data-e-type=\"column\" data-settings=\"{&quot;background_background&quot;:&quot;classic&quot;}\">\n\t\t\t<div class=\"elementor-widget-wrap elementor-element-populated\">\n\t\t\t\t\t\t<div class=\"elementor-element elementor-element-11352321 elementor-widget elementor-widget-heading\" data-id=\"11352321\" data-element_type=\"widget\" data-e-type=\"widget\" data-widget_type=\"heading.default\">\n\t\t\t\t<div class=\"elementor-widget-container\">\n\t\t\t\t\t<h2 class=\"elementor-heading-title elementor-size-default\">WEDDING<\/h2>\t\t\t\t<\/div>\n\t\t\t\t<\/div>\n\t\t\t\t<div class=\"elementor-element elementor-element-6174d38b elementor-widget elementor-widget-video\" data-id=\"6174d38b\" data-element_type=\"widget\" data-e-type=\"widget\" data-settings=\"{&quot;show_image_overlay&quot;:&quot;yes&quot;,&quot;image_overlay&quot;:{&quot;url&quot;:&quot;https:\\\/\\\/www.ergelabulic.com\\\/wp-content\\\/uploads\\\/2025\\\/10\\\/venc2.jpg&quot;,&quot;id&quot;:13779,&quot;size&quot;:&quot;&quot;,&quot;alt&quot;:&quot;&quot;,&quot;source&quot;:&quot;library&quot;},&quot;video_type&quot;:&quot;hosted&quot;,&quot;controls&quot;:&quot;yes&quot;}\" data-widget_type=\"video.default\">\n\t\t\t\t<div class=\"elementor-widget-container\">\n\t\t\t\t\t\t\t<div class=\"e-hosted-video elementor-wrapper elementor-open-inline\">\n\t\t\t\t\t<video class=\"elementor-video\" src=\"https:\/\/www.ergelabulic.com\/wp-content\/uploads\/2025\/10\/fijaker.mp4\" controls=\"\" preload=\"metadata\" controlslist=\"nodownload\" poster=\"https:\/\/www.ergelabulic.com\/wp-content\/uploads\/2025\/10\/venc2.jpg\"><\/video>\n\t\t\t\t\t\t<div class=\"elementor-custom-embed-image-overlay\" style=\"background-image: url(https:\/\/www.ergelabulic.com\/wp-content\/uploads\/2025\/10\/venc2.jpg);\">\n\t\t\t\t\t\t\t\t\t\t\t\t\t\t\t\t<div class=\"elementor-custom-embed-play\" role=\"button\" aria-label=\"\u041f\u0443\u0441\u0442\u0438 \u0432\u0438\u0434\u0435\u043e \u0437\u0430\u043f\u0438\u0441\" tabindex=\"0\">\n\t\t\t\t\t\t\t<svg aria-hidden=\"true\" class=\"e-font-icon-svg e-eicon-play\" viewbox=\"0 0 1000 1000\" xmlns=\"http:\/\/www.w3.org\/2000\/svg\"><path d=\"M838 162C746 71 633 25 500 25 371 25 258 71 163 162 71 254 25 367 25 500 25 633 71 746 163 837 254 929 367 979 500 979 633 979 746 933 838 837 929 746 975 633 975 500 975 367 929 254 838 162M808 192C892 279 933 379 933 500 933 621 892 725 808 808 725 892 621 938 500 938 379 938 279 896 196 808 113 725 67 621 67 500 67 379 108 279 196 192 279 108 383 62 500 62 621 62 721 108 808 192M438 392V642L642 517 438 392Z\"><\/path><\/svg>\t\t\t\t\t\t<\/div>\n\t\t\t\t\t\t\t\t\t<\/div>\n\t\t\t\t\t<\/div>\n\t\t\t\t\t\t<\/div>\n\t\t\t\t<\/div>\n\t\t\t\t\t<\/div>\n\t\t<\/div>\n\t\t\t\t<div class=\"elementor-column elementor-col-50 elementor-top-column elementor-element elementor-element-d0d4498\" data-id=\"d0d4498\" data-element_type=\"column\" data-e-type=\"column\">\n\t\t\t<div class=\"elementor-widget-wrap elementor-element-populated\">\n\t\t\t\t\t\t<div class=\"elementor-element elementor-element-15651a4 elementor-view-default elementor-widget elementor-widget-icon\" data-id=\"15651a4\" data-element_type=\"widget\" data-e-type=\"widget\" data-widget_type=\"icon.default\">\n\t\t\t\t<div class=\"elementor-widget-container\">\n\t\t\t\t\t\t\t<div class=\"elementor-icon-wrapper\">\n\t\t\t<div class=\"elementor-icon\">\n\t\t\t<svg aria-hidden=\"true\" class=\"e-font-icon-svg e-fas-phone-alt\" viewbox=\"0 0 512 512\" xmlns=\"http:\/\/www.w3.org\/2000\/svg\"><path d=\"M497.39 361.8l-112-48a24 24 0 0 0-28 6.9l-49.6 60.6A370.66 370.66 0 0 1 130.6 204.11l60.6-49.6a23.94 23.94 0 0 0 6.9-28l-48-112A24.16 24.16 0 0 0 122.6.61l-104 24A24 24 0 0 0 0 48c0 256.5 207.9 464 464 464a24 24 0 0 0 23.4-18.6l24-104a24.29 24.29 0 0 0-14.01-27.6z\"><\/path><\/svg>\t\t\t<\/div>\n\t\t<\/div>\n\t\t\t\t\t\t<\/div>\n\t\t\t\t<\/div>\n\t\t\t\t<div class=\"elementor-element elementor-element-86bb428 elementor-widget elementor-widget-heading\" data-id=\"86bb428\" data-element_type=\"widget\" data-e-type=\"widget\" data-widget_type=\"heading.default\">\n\t\t\t\t<div class=\"elementor-widget-container\">\n\t\t\t\t\t<h2 class=\"elementor-heading-title elementor-size-default\">Let's stay in touch!<\/h2>\t\t\t\t<\/div>\n\t\t\t\t<\/div>\n\t\t\t\t<div class=\"elementor-element elementor-element-613e11e elementor-align-center elementor-widget elementor-widget-button\" data-id=\"613e11e\" data-element_type=\"widget\" data-e-type=\"widget\" data-widget_type=\"button.default\">\n\t\t\t\t<div class=\"elementor-widget-container\">\n\t\t\t\t\t\t\t\t\t<div class=\"elementor-button-wrapper\">\n\t\t\t\t\t<a class=\"elementor-button elementor-button-link elementor-size-sm\" href=\"https:\/\/www.ergelabulic.com\/en\/kontakt\/\">\n\t\t\t\t\t\t<span class=\"elementor-button-content-wrapper\">\n\t\t\t\t\t\t\t\t\t<span class=\"elementor-button-text\">CALL US NOW<\/span>\n\t\t\t\t\t<\/span>\n\t\t\t\t\t<\/a>\n\t\t\t\t<\/div>\n\t\t\t\t\t\t\t\t<\/div>\n\t\t\t\t<\/div>\n\t\t\t\t\t<\/div>\n\t\t<\/div>\n\t\t\t\t\t<\/div>\n\t\t<\/section>\n\t\t\t\t<\/div>","protected":false},"excerpt":{"rendered":"<p>IZNAJMLJIVANJE KO\u010cIJA Dodajte da\u0161ak elegancije i tradicije svakom posebnom trenutku uz na\u0161e autenti\u010dne, ru\u010dno izra\u0111ene ko\u010dije!Na\u0161a ergela nudi\u00a0iznajmljivanje ko\u010dija sa konjskom zapregom\u00a0za razli\u010dite prilike: SNIMANJA Snimanja filmova i reklama \u2013 istorijske, romanti\u010dne ili sve\u010dane scene uz autenti\u010dne modele i dresirane konje. PROSLAVE I VEN\u010cANJA Nezaboravan ulazak mladenaca u bajkovitoj ko\u010diji dodaje notu vanvremenske elegancije i [&hellip;]<\/p>\n","protected":false},"author":1,"featured_media":0,"parent":0,"menu_order":0,"comment_status":"closed","ping_status":"closed","template":"","meta":{"footnotes":""},"class_list":["post-13731","page","type-page","status-publish","hentry"],"blocksy_meta":[],"_links":{"self":[{"href":"https:\/\/www.ergelabulic.com\/en\/wp-json\/wp\/v2\/pages\/13731","targetHints":{"allow":["GET"]}}],"collection":[{"href":"https:\/\/www.ergelabulic.com\/en\/wp-json\/wp\/v2\/pages"}],"about":[{"href":"https:\/\/www.ergelabulic.com\/en\/wp-json\/wp\/v2\/types\/page"}],"author":[{"embeddable":true,"href":"https:\/\/www.ergelabulic.com\/en\/wp-json\/wp\/v2\/users\/1"}],"replies":[{"embeddable":true,"href":"https:\/\/www.ergelabulic.com\/en\/wp-json\/wp\/v2\/comments?post=13731"}],"version-history":[{"count":27,"href":"https:\/\/www.ergelabulic.com\/en\/wp-json\/wp\/v2\/pages\/13731\/revisions"}],"predecessor-version":[{"id":15087,"href":"https:\/\/www.ergelabulic.com\/en\/wp-json\/wp\/v2\/pages\/13731\/revisions\/15087"}],"wp:attachment":[{"href":"https:\/\/www.ergelabulic.com\/en\/wp-json\/wp\/v2\/media?parent=13731"}],"curies":[{"name":"wp","href":"https:\/\/api.w.org\/{rel}","templated":true}]}}