{"id":13726,"date":"2025-10-06T20:09:29","date_gmt":"2025-10-06T20:09:29","guid":{"rendered":"https:\/\/www.ergelabulic.com\/?page_id=13726"},"modified":"2026-02-21T12:49:23","modified_gmt":"2026-02-21T12:49:23","slug":"konji","status":"publish","type":"page","link":"https:\/\/www.ergelabulic.com\/en\/konji\/","title":{"rendered":"Horses"},"content":{"rendered":"<div data-elementor-type=\"wp-page\" data-elementor-id=\"13726\" class=\"elementor elementor-13726\">\n\t\t\t\t\t\t<section class=\"elementor-section elementor-top-section elementor-element elementor-element-98afd46 elementor-section-height-min-height ct-section-stretched elementor-section-boxed elementor-section-height-default elementor-section-items-middle\" data-id=\"98afd46\" data-element_type=\"section\" data-e-type=\"section\" data-settings=\"{&quot;background_background&quot;:&quot;classic&quot;,&quot;_ha_eqh_enable&quot;:false}\">\n\t\t\t\t\t\t\t<div class=\"elementor-background-overlay\"><\/div>\n\t\t\t\t\t\t\t<div class=\"elementor-container elementor-column-gap-default\">\n\t\t\t\t\t<div class=\"elementor-column elementor-col-100 elementor-top-column elementor-element elementor-element-e19fa89\" data-id=\"e19fa89\" data-element_type=\"column\" data-e-type=\"column\">\n\t\t\t<div class=\"elementor-widget-wrap\">\n\t\t\t\t\t\t\t<\/div>\n\t\t<\/div>\n\t\t\t\t\t<\/div>\n\t\t<\/section>\n\t\t\t\t<section class=\"elementor-section elementor-top-section elementor-element elementor-element-291e43d6 elementor-section-boxed elementor-section-height-default elementor-section-height-default\" data-id=\"291e43d6\" data-element_type=\"section\" data-e-type=\"section\" data-settings=\"{&quot;background_background&quot;:&quot;classic&quot;,&quot;_ha_eqh_enable&quot;:false}\">\n\t\t\t\t\t\t<div class=\"elementor-container elementor-column-gap-default\">\n\t\t\t\t\t<div class=\"elementor-column elementor-col-100 elementor-top-column elementor-element elementor-element-4935200f\" data-id=\"4935200f\" data-element_type=\"column\" data-e-type=\"column\">\n\t\t\t<div class=\"elementor-widget-wrap elementor-element-populated\">\n\t\t\t\t\t\t<section class=\"elementor-section elementor-inner-section elementor-element elementor-element-70688566 elementor-section-content-middle elementor-section-boxed elementor-section-height-default elementor-section-height-default\" data-id=\"70688566\" data-element_type=\"section\" data-e-type=\"section\" data-settings=\"{&quot;_ha_eqh_enable&quot;:false}\">\n\t\t\t\t\t\t<div class=\"elementor-container elementor-column-gap-default\">\n\t\t\t\t\t<div class=\"elementor-column elementor-col-50 elementor-inner-column elementor-element elementor-element-f10dc74\" data-id=\"f10dc74\" data-element_type=\"column\" data-e-type=\"column\">\n\t\t\t<div class=\"elementor-widget-wrap elementor-element-populated\">\n\t\t\t\t\t\t<div class=\"elementor-element elementor-element-24bbe46a elementor-widget elementor-widget-image\" data-id=\"24bbe46a\" data-element_type=\"widget\" data-e-type=\"widget\" data-widget_type=\"image.default\">\n\t\t\t\t<div class=\"elementor-widget-container\">\n\t\t\t\t\t\t\t\t\t\t\t\t\t\t\t<img fetchpriority=\"high\" decoding=\"async\" width=\"1024\" height=\"576\" src=\"https:\/\/www.ergelabulic.com\/wp-content\/uploads\/2025\/09\/03a-1024x576.jpg\" class=\"attachment-large size-large wp-image-13234\" alt=\"\" srcset=\"https:\/\/www.ergelabulic.com\/wp-content\/uploads\/2025\/09\/03a-1024x576.jpg 1024w, https:\/\/www.ergelabulic.com\/wp-content\/uploads\/2025\/09\/03a-300x169.jpg 300w, https:\/\/www.ergelabulic.com\/wp-content\/uploads\/2025\/09\/03a-768x432.jpg 768w, https:\/\/www.ergelabulic.com\/wp-content\/uploads\/2025\/09\/03a-1536x864.jpg 1536w, https:\/\/www.ergelabulic.com\/wp-content\/uploads\/2025\/09\/03a-2048x1152.jpg 2048w, https:\/\/www.ergelabulic.com\/wp-content\/uploads\/2025\/09\/03a-18x10.jpg 18w\" sizes=\"(max-width: 1024px) 100vw, 1024px\" \/>\t\t\t\t\t\t\t\t\t\t\t\t\t\t\t<\/div>\n\t\t\t\t<\/div>\n\t\t\t\t\t<\/div>\n\t\t<\/div>\n\t\t\t\t<div class=\"elementor-column elementor-col-50 elementor-inner-column elementor-element elementor-element-1189183e\" data-id=\"1189183e\" data-element_type=\"column\" data-e-type=\"column\">\n\t\t\t<div class=\"elementor-widget-wrap elementor-element-populated\">\n\t\t\t\t\t\t<div class=\"elementor-element elementor-element-364eb977 elementor-widget elementor-widget-heading\" data-id=\"364eb977\" data-element_type=\"widget\" data-e-type=\"widget\" data-widget_type=\"heading.default\">\n\t\t\t\t<div class=\"elementor-widget-container\">\n\t\t\t\t\t<h2 class=\"elementor-heading-title elementor-size-default\">HORSE SELLING<\/h2>\t\t\t\t<\/div>\n\t\t\t\t<\/div>\n\t\t\t\t<div class=\"elementor-element elementor-element-7563433e elementor-widget elementor-widget-text-editor\" data-id=\"7563433e\" data-element_type=\"widget\" data-e-type=\"widget\" data-widget_type=\"text-editor.default\">\n\t\t\t\t<div class=\"elementor-widget-container\">\n\t\t\t\t\t\t\t\t\t<p><span style=\"color: #000000;\">Welcome to our horse stable \u2013 home to top-quality horses bred with care, knowledge, and love for the noble breed.<br \/><br \/><\/span><span style=\"color: #000000;\">Our mission is to ensure that every horse that leaves the stable is healthy, trained, and ready to become your faithful companion - whether for riding, sports, recreation, or further breeding.<\/span><\/p>\t\t\t\t\t\t\t\t<\/div>\n\t\t\t\t<\/div>\n\t\t\t\t<div class=\"elementor-element elementor-element-1507cab4 elementor-align-left elementor-widget elementor-widget-button\" data-id=\"1507cab4\" data-element_type=\"widget\" data-e-type=\"widget\" data-widget_type=\"button.default\">\n\t\t\t\t<div class=\"elementor-widget-container\">\n\t\t\t\t\t\t\t\t\t<div class=\"elementor-button-wrapper\">\n\t\t\t\t\t<a class=\"elementor-button elementor-button-link elementor-size-sm\" href=\"\/en\/o-konjima\/\">\n\t\t\t\t\t\t<span class=\"elementor-button-content-wrapper\">\n\t\t\t\t\t\t\t\t\t<span class=\"elementor-button-text\">READ MORE ...<\/span>\n\t\t\t\t\t<\/span>\n\t\t\t\t\t<\/a>\n\t\t\t\t<\/div>\n\t\t\t\t\t\t\t\t<\/div>\n\t\t\t\t<\/div>\n\t\t\t\t\t<\/div>\n\t\t<\/div>\n\t\t\t\t\t<\/div>\n\t\t<\/section>\n\t\t\t\t<section class=\"elementor-section elementor-inner-section elementor-element elementor-element-750099fc elementor-section-content-middle elementor-section-boxed elementor-section-height-default elementor-section-height-default\" data-id=\"750099fc\" data-element_type=\"section\" data-e-type=\"section\" data-settings=\"{&quot;_ha_eqh_enable&quot;:false}\">\n\t\t\t\t\t\t<div class=\"elementor-container elementor-column-gap-default\">\n\t\t\t\t\t<div class=\"elementor-column elementor-col-50 elementor-inner-column elementor-element elementor-element-1e7821af\" data-id=\"1e7821af\" data-element_type=\"column\" data-e-type=\"column\">\n\t\t\t<div class=\"elementor-widget-wrap elementor-element-populated\">\n\t\t\t\t\t\t<div class=\"elementor-element elementor-element-7c52efd elementor-widget elementor-widget-heading\" data-id=\"7c52efd\" data-element_type=\"widget\" data-e-type=\"widget\" data-widget_type=\"heading.default\">\n\t\t\t\t<div class=\"elementor-widget-container\">\n\t\t\t\t\t<h2 class=\"elementor-heading-title elementor-size-default\">OFFER<\/h2>\t\t\t\t<\/div>\n\t\t\t\t<\/div>\n\t\t\t\t<div class=\"elementor-element elementor-element-31a9490 elementor-widget elementor-widget-text-editor\" data-id=\"31a9490\" data-element_type=\"widget\" data-e-type=\"widget\" data-widget_type=\"text-editor.default\">\n\t\t\t\t<div class=\"elementor-widget-container\">\n\t\t\t\t\t\t\t\t\t<p><span style=\"color: #000000;\">Sport horses \u2013 ideal for competitions and dressage, carefully selected lines of origin.<\/span><\/p><p><span style=\"color: #000000;\">Recreational horses - calm temperament, perfect for novice riders and nature lovers.<\/span><\/p><p><span style=\"color: #000000;\">Breeding stallions and mares \u2013 with pedigree and proven origin.<\/span><\/p>\t\t\t\t\t\t\t\t<\/div>\n\t\t\t\t<\/div>\n\t\t\t\t<div class=\"elementor-element elementor-element-7579eeca elementor-align-left elementor-widget elementor-widget-button\" data-id=\"7579eeca\" data-element_type=\"widget\" data-e-type=\"widget\" data-widget_type=\"button.default\">\n\t\t\t\t<div class=\"elementor-widget-container\">\n\t\t\t\t\t\t\t\t\t<div class=\"elementor-button-wrapper\">\n\t\t\t\t\t<a class=\"elementor-button elementor-button-link elementor-size-sm\" href=\"https:\/\/www.ergelabulic.com\/en\/ergela-galerija\/\">\n\t\t\t\t\t\t<span class=\"elementor-button-content-wrapper\">\n\t\t\t\t\t\t\t\t\t<span class=\"elementor-button-text\">Horse gallery<\/span>\n\t\t\t\t\t<\/span>\n\t\t\t\t\t<\/a>\n\t\t\t\t<\/div>\n\t\t\t\t\t\t\t\t<\/div>\n\t\t\t\t<\/div>\n\t\t\t\t\t<\/div>\n\t\t<\/div>\n\t\t\t\t<div class=\"elementor-column elementor-col-50 elementor-inner-column elementor-element elementor-element-11b6dbe9\" data-id=\"11b6dbe9\" data-element_type=\"column\" data-e-type=\"column\">\n\t\t\t<div class=\"elementor-widget-wrap elementor-element-populated\">\n\t\t\t\t\t\t<div class=\"elementor-element elementor-element-797e1d39 elementor-widget elementor-widget-image\" data-id=\"797e1d39\" data-element_type=\"widget\" data-e-type=\"widget\" data-widget_type=\"image.default\">\n\t\t\t\t<div class=\"elementor-widget-container\">\n\t\t\t\t\t\t\t\t\t\t\t\t\t\t\t<img decoding=\"async\" width=\"1024\" height=\"576\" src=\"https:\/\/www.ergelabulic.com\/wp-content\/uploads\/2025\/09\/04a-1024x576.jpg\" class=\"attachment-large size-large wp-image-13235\" alt=\"\" srcset=\"https:\/\/www.ergelabulic.com\/wp-content\/uploads\/2025\/09\/04a-1024x576.jpg 1024w, https:\/\/www.ergelabulic.com\/wp-content\/uploads\/2025\/09\/04a-300x169.jpg 300w, https:\/\/www.ergelabulic.com\/wp-content\/uploads\/2025\/09\/04a-768x432.jpg 768w, https:\/\/www.ergelabulic.com\/wp-content\/uploads\/2025\/09\/04a-1536x864.jpg 1536w, https:\/\/www.ergelabulic.com\/wp-content\/uploads\/2025\/09\/04a-2048x1152.jpg 2048w, https:\/\/www.ergelabulic.com\/wp-content\/uploads\/2025\/09\/04a-18x10.jpg 18w\" sizes=\"(max-width: 1024px) 100vw, 1024px\" \/>\t\t\t\t\t\t\t\t\t\t\t\t\t\t\t<\/div>\n\t\t\t\t<\/div>\n\t\t\t\t\t<\/div>\n\t\t<\/div>\n\t\t\t\t\t<\/div>\n\t\t<\/section>\n\t\t\t\t\t<\/div>\n\t\t<\/div>\n\t\t\t\t\t<\/div>\n\t\t<\/section>\n\t\t\t\t<section class=\"elementor-section elementor-top-section elementor-element elementor-element-1d64652d elementor-section-boxed elementor-section-height-default elementor-section-height-default\" data-id=\"1d64652d\" data-element_type=\"section\" data-e-type=\"section\" data-settings=\"{&quot;background_background&quot;:&quot;classic&quot;,&quot;_ha_eqh_enable&quot;:false}\">\n\t\t\t\t\t\t<div class=\"elementor-container elementor-column-gap-default\">\n\t\t\t\t\t<div class=\"elementor-column elementor-col-100 elementor-top-column elementor-element elementor-element-66d4e5a\" data-id=\"66d4e5a\" data-element_type=\"column\" data-e-type=\"column\">\n\t\t\t<div class=\"elementor-widget-wrap elementor-element-populated\">\n\t\t\t\t\t\t<div class=\"elementor-element elementor-element-1a0318ac elementor-widget elementor-widget-heading\" data-id=\"1a0318ac\" data-element_type=\"widget\" data-e-type=\"widget\" data-widget_type=\"heading.default\">\n\t\t\t\t<div class=\"elementor-widget-container\">\n\t\t\t\t\t<h2 class=\"elementor-heading-title elementor-size-default\">STABLE BULI\u0106 - THE EMPIRE OF THE LIPICAN HORSES<\/h2>\t\t\t\t<\/div>\n\t\t\t\t<\/div>\n\t\t\t\t<section class=\"elementor-section elementor-inner-section elementor-element elementor-element-7688bb5 elementor-section-boxed elementor-section-height-default elementor-section-height-default\" data-id=\"7688bb5\" data-element_type=\"section\" data-e-type=\"section\" data-settings=\"{&quot;_ha_eqh_enable&quot;:false}\">\n\t\t\t\t\t\t<div class=\"elementor-container elementor-column-gap-extended\">\n\t\t\t\t\t<div class=\"elementor-column elementor-col-33 elementor-inner-column elementor-element elementor-element-3cf7a9e9\" data-id=\"3cf7a9e9\" data-element_type=\"column\" data-e-type=\"column\">\n\t\t\t<div class=\"elementor-widget-wrap elementor-element-populated\">\n\t\t\t\t\t\t<div class=\"elementor-element elementor-element-501d8f7f ha-card--top ha-card--tablet-top ha-card--mobile-top elementor-widget elementor-widget-ha-card happy-addon ha-card\" data-id=\"501d8f7f\" data-element_type=\"widget\" data-e-type=\"widget\" data-widget_type=\"ha-card.default\">\n\t\t\t\t<div class=\"elementor-widget-container\">\n\t\t\t\t\t\n\t\t\t\t\t<figure class=\"ha-card-figure\">\n\t\t\t\t<img decoding=\"async\" width=\"1024\" height=\"576\" src=\"https:\/\/www.ergelabulic.com\/wp-content\/uploads\/2025\/10\/fim1-1024x576.jpg\" class=\"attachment-large size-large wp-image-13631\" alt=\"\" srcset=\"https:\/\/www.ergelabulic.com\/wp-content\/uploads\/2025\/10\/fim1-1024x576.jpg 1024w, https:\/\/www.ergelabulic.com\/wp-content\/uploads\/2025\/10\/fim1-300x169.jpg 300w, https:\/\/www.ergelabulic.com\/wp-content\/uploads\/2025\/10\/fim1-768x432.jpg 768w, https:\/\/www.ergelabulic.com\/wp-content\/uploads\/2025\/10\/fim1-18x10.jpg 18w, https:\/\/www.ergelabulic.com\/wp-content\/uploads\/2025\/10\/fim1.jpg 1216w\" sizes=\"(max-width: 1024px) 100vw, 1024px\" \/>\t\t\t\t\t\t\t\t\t<div class=\"ha-badge ha-badge--top-left\">I<\/div>\n\t\t\t\t\t\t\t<\/figure>\n\t\t\n\t\t<div class=\"ha-card-body\">\n\n\t\t\t<h2 class=\"ha-card-title\">Horse care<\/h2>\n\t\t\t\t\t\t\t<div class=\"ha-card-text\">\n\t\t\t\t\t<p>Each horse undergoes regular veterinary supervision, proper nutrition, and daily care.<\/p>\n\t\t\t\t<\/div>\n\t\t\t\n\t\t\t\t\t<\/div>\n\t\t\t\t\t\t<\/div>\n\t\t\t\t<\/div>\n\t\t\t\t\t<\/div>\n\t\t<\/div>\n\t\t\t\t<div class=\"elementor-column elementor-col-33 elementor-inner-column elementor-element elementor-element-5305899\" data-id=\"5305899\" data-element_type=\"column\" data-e-type=\"column\">\n\t\t\t<div class=\"elementor-widget-wrap elementor-element-populated\">\n\t\t\t\t\t\t<div class=\"elementor-element elementor-element-1a8c08ca ha-card--top ha-card--tablet-top ha-card--mobile-top elementor-widget elementor-widget-ha-card happy-addon ha-card\" data-id=\"1a8c08ca\" data-element_type=\"widget\" data-e-type=\"widget\" data-widget_type=\"ha-card.default\">\n\t\t\t\t<div class=\"elementor-widget-container\">\n\t\t\t\t\t\n\t\t\t\t\t<figure class=\"ha-card-figure\">\n\t\t\t\t<img loading=\"lazy\" decoding=\"async\" width=\"1024\" height=\"576\" src=\"https:\/\/www.ergelabulic.com\/wp-content\/uploads\/2025\/10\/foto1-1024x576.jpg\" class=\"attachment-large size-large wp-image-13633\" alt=\"\" srcset=\"https:\/\/www.ergelabulic.com\/wp-content\/uploads\/2025\/10\/foto1-1024x576.jpg 1024w, https:\/\/www.ergelabulic.com\/wp-content\/uploads\/2025\/10\/foto1-300x169.jpg 300w, https:\/\/www.ergelabulic.com\/wp-content\/uploads\/2025\/10\/foto1-768x432.jpg 768w, https:\/\/www.ergelabulic.com\/wp-content\/uploads\/2025\/10\/foto1-18x10.jpg 18w, https:\/\/www.ergelabulic.com\/wp-content\/uploads\/2025\/10\/foto1.jpg 1216w\" sizes=\"(max-width: 1024px) 100vw, 1024px\" \/>\t\t\t\t\t\t\t\t\t<div class=\"ha-badge ha-badge--top-left\">II<\/div>\n\t\t\t\t\t\t\t<\/figure>\n\t\t\n\t\t<div class=\"ha-card-body\">\n\n\t\t\t<h2 class=\"ha-card-title\">Our team<\/h2>\n\t\t\t\t\t\t\t<div class=\"ha-card-text\">\n\t\t\t\t\t<p>Our expert team will help you choose the horse that best suits your needs and experience.<\/p>\n\t\t\t\t<\/div>\n\t\t\t\n\t\t\t\t\t<\/div>\n\t\t\t\t\t\t<\/div>\n\t\t\t\t<\/div>\n\t\t\t\t\t<\/div>\n\t\t<\/div>\n\t\t\t\t<div class=\"elementor-column elementor-col-33 elementor-inner-column elementor-element elementor-element-3c7cc45d\" data-id=\"3c7cc45d\" data-element_type=\"column\" data-e-type=\"column\">\n\t\t\t<div class=\"elementor-widget-wrap elementor-element-populated\">\n\t\t\t\t\t\t<div class=\"elementor-element elementor-element-5b93b321 ha-card--top ha-card--tablet-top ha-card--mobile-top elementor-widget elementor-widget-ha-card happy-addon ha-card\" data-id=\"5b93b321\" data-element_type=\"widget\" data-e-type=\"widget\" data-widget_type=\"ha-card.default\">\n\t\t\t\t<div class=\"elementor-widget-container\">\n\t\t\t\t\t\n\t\t\t\t\t<figure class=\"ha-card-figure\">\n\t\t\t\t<img loading=\"lazy\" decoding=\"async\" width=\"1024\" height=\"581\" src=\"https:\/\/www.ergelabulic.com\/wp-content\/uploads\/2025\/12\/125032-1-1024x581.jpg\" class=\"attachment-large size-large wp-image-13868\" alt=\"\" srcset=\"https:\/\/www.ergelabulic.com\/wp-content\/uploads\/2025\/12\/125032-1-1024x581.jpg 1024w, https:\/\/www.ergelabulic.com\/wp-content\/uploads\/2025\/12\/125032-1-300x170.jpg 300w, https:\/\/www.ergelabulic.com\/wp-content\/uploads\/2025\/12\/125032-1-768x436.jpg 768w, https:\/\/www.ergelabulic.com\/wp-content\/uploads\/2025\/12\/125032-1-18x10.jpg 18w, https:\/\/www.ergelabulic.com\/wp-content\/uploads\/2025\/12\/125032-1.jpg 1500w\" sizes=\"(max-width: 1024px) 100vw, 1024px\" \/>\t\t\t\t\t\t\t\t\t<div class=\"ha-badge ha-badge--top-left\">III<\/div>\n\t\t\t\t\t\t\t<\/figure>\n\t\t\n\t\t<div class=\"ha-card-body\">\n\n\t\t\t<h2 class=\"ha-card-title\">Contact<\/h2>\n\t\t\t\t\t\t\t<div class=\"ha-card-text\">\n\t\t\t\t\t<p>If you are interested in cooperation,<br>make an appointment, visit us and see for yourself the quality of our breeding.<\/p>\n\t\t\t\t<\/div>\n\t\t\t\n\t\t\t\t\t<\/div>\n\t\t\t\t\t\t<\/div>\n\t\t\t\t<\/div>\n\t\t\t\t\t<\/div>\n\t\t<\/div>\n\t\t\t\t\t<\/div>\n\t\t<\/section>\n\t\t\t\t\t<\/div>\n\t\t<\/div>\n\t\t\t\t\t<\/div>\n\t\t<\/section>\n\t\t\t\t<section class=\"elementor-section elementor-top-section elementor-element elementor-element-5198be59 elementor-section-boxed elementor-section-height-default elementor-section-height-default\" data-id=\"5198be59\" data-element_type=\"section\" data-e-type=\"section\" data-settings=\"{&quot;background_background&quot;:&quot;classic&quot;,&quot;_ha_eqh_enable&quot;:false}\">\n\t\t\t\t\t\t<div class=\"elementor-container elementor-column-gap-default\">\n\t\t\t\t\t<div class=\"elementor-column elementor-col-100 elementor-top-column elementor-element elementor-element-6a6498cc\" data-id=\"6a6498cc\" data-element_type=\"column\" data-e-type=\"column\">\n\t\t\t<div class=\"elementor-widget-wrap elementor-element-populated\">\n\t\t\t\t\t\t<div class=\"elementor-element elementor-element-8ca3452 elementor-view-default elementor-widget elementor-widget-icon\" data-id=\"8ca3452\" data-element_type=\"widget\" data-e-type=\"widget\" data-widget_type=\"icon.default\">\n\t\t\t\t<div class=\"elementor-widget-container\">\n\t\t\t\t\t\t\t<div class=\"elementor-icon-wrapper\">\n\t\t\t<div class=\"elementor-icon\">\n\t\t\t<svg aria-hidden=\"true\" class=\"e-font-icon-svg e-fas-phone-alt\" viewbox=\"0 0 512 512\" xmlns=\"http:\/\/www.w3.org\/2000\/svg\"><path d=\"M497.39 361.8l-112-48a24 24 0 0 0-28 6.9l-49.6 60.6A370.66 370.66 0 0 1 130.6 204.11l60.6-49.6a23.94 23.94 0 0 0 6.9-28l-48-112A24.16 24.16 0 0 0 122.6.61l-104 24A24 24 0 0 0 0 48c0 256.5 207.9 464 464 464a24 24 0 0 0 23.4-18.6l24-104a24.29 24.29 0 0 0-14.01-27.6z\"><\/path><\/svg>\t\t\t<\/div>\n\t\t<\/div>\n\t\t\t\t\t\t<\/div>\n\t\t\t\t<\/div>\n\t\t\t\t<div class=\"elementor-element elementor-element-4321f2b2 elementor-widget elementor-widget-heading\" data-id=\"4321f2b2\" data-element_type=\"widget\" data-e-type=\"widget\" data-widget_type=\"heading.default\">\n\t\t\t\t<div class=\"elementor-widget-container\">\n\t\t\t\t\t<h2 class=\"elementor-heading-title elementor-size-default\">Let's stay in touch!<\/h2>\t\t\t\t<\/div>\n\t\t\t\t<\/div>\n\t\t\t\t<div class=\"elementor-element elementor-element-24fee06 elementor-align-center elementor-widget elementor-widget-button\" data-id=\"24fee06\" data-element_type=\"widget\" data-e-type=\"widget\" data-widget_type=\"button.default\">\n\t\t\t\t<div class=\"elementor-widget-container\">\n\t\t\t\t\t\t\t\t\t<div class=\"elementor-button-wrapper\">\n\t\t\t\t\t<a class=\"elementor-button elementor-button-link elementor-size-sm\" href=\"https:\/\/www.ergelabulic.com\/en\/kontakt\/\">\n\t\t\t\t\t\t<span class=\"elementor-button-content-wrapper\">\n\t\t\t\t\t\t\t\t\t<span class=\"elementor-button-text\">CALL US NOW<\/span>\n\t\t\t\t\t<\/span>\n\t\t\t\t\t<\/a>\n\t\t\t\t<\/div>\n\t\t\t\t\t\t\t\t<\/div>\n\t\t\t\t<\/div>\n\t\t\t\t\t<\/div>\n\t\t<\/div>\n\t\t\t\t\t<\/div>\n\t\t<\/section>\n\t\t<div class=\"elementor-element elementor-element-80202f4 e-flex e-con-boxed e-con e-parent\" data-id=\"80202f4\" data-element_type=\"container\" data-e-type=\"container\" data-settings=\"{&quot;_ha_eqh_enable&quot;:false}\">\n\t\t\t\t\t<div class=\"e-con-inner\">\n\t\t\t\t\t<\/div>\n\t\t\t\t<\/div>\n\t\t\t\t<\/div>","protected":false},"excerpt":{"rendered":"<p>PRODAJA KONJA Dobrodo\u0161li u na\u0161u ergelu \u2013 dom vrhunskih konja uzgajanih s pa\u017enjom, znanjem i ljubavlju prema plemenitoj rasi. Na\u0161a misija je da svako grlo koje napusti ergelu bude zdravo, dresirano i spremno da postane va\u0161 verni pratilac \u2013 bilo za jahanje, sport, rekreaciju ili dalji uzgoj. PRO\u010cITAJ VI\u0160E &#8230; PONUDA Sportski konji \u2013 idealne [&hellip;]<\/p>\n","protected":false},"author":1,"featured_media":0,"parent":0,"menu_order":0,"comment_status":"closed","ping_status":"closed","template":"","meta":{"footnotes":""},"class_list":["post-13726","page","type-page","status-publish","hentry"],"blocksy_meta":[],"_links":{"self":[{"href":"https:\/\/www.ergelabulic.com\/en\/wp-json\/wp\/v2\/pages\/13726","targetHints":{"allow":["GET"]}}],"collection":[{"href":"https:\/\/www.ergelabulic.com\/en\/wp-json\/wp\/v2\/pages"}],"about":[{"href":"https:\/\/www.ergelabulic.com\/en\/wp-json\/wp\/v2\/types\/page"}],"author":[{"embeddable":true,"href":"https:\/\/www.ergelabulic.com\/en\/wp-json\/wp\/v2\/users\/1"}],"replies":[{"embeddable":true,"href":"https:\/\/www.ergelabulic.com\/en\/wp-json\/wp\/v2\/comments?post=13726"}],"version-history":[{"count":30,"href":"https:\/\/www.ergelabulic.com\/en\/wp-json\/wp\/v2\/pages\/13726\/revisions"}],"predecessor-version":[{"id":15084,"href":"https:\/\/www.ergelabulic.com\/en\/wp-json\/wp\/v2\/pages\/13726\/revisions\/15084"}],"wp:attachment":[{"href":"https:\/\/www.ergelabulic.com\/en\/wp-json\/wp\/v2\/media?parent=13726"}],"curies":[{"name":"wp","href":"https:\/\/api.w.org\/{rel}","templated":true}]}}