{"id":13317,"date":"2025-09-11T06:41:40","date_gmt":"2025-09-11T06:41:40","guid":{"rendered":"https:\/\/www.ergelabulic.com\/?page_id=13317"},"modified":"2026-01-12T13:11:57","modified_gmt":"2026-01-12T13:11:57","slug":"multimedija","status":"publish","type":"page","link":"https:\/\/www.ergelabulic.com\/en\/multimedija\/","title":{"rendered":"Multimedia"},"content":{"rendered":"<div data-elementor-type=\"wp-page\" data-elementor-id=\"13317\" class=\"elementor elementor-13317\">\n\t\t\t\t\t\t<section class=\"elementor-section elementor-top-section elementor-element elementor-element-e23c038 elementor-section-height-min-height ct-section-stretched elementor-section-boxed elementor-section-height-default elementor-section-items-middle\" data-id=\"e23c038\" data-element_type=\"section\" data-e-type=\"section\" data-settings=\"{&quot;background_background&quot;:&quot;classic&quot;,&quot;_ha_eqh_enable&quot;:false}\">\n\t\t\t\t\t\t\t<div class=\"elementor-background-overlay\"><\/div>\n\t\t\t\t\t\t\t<div class=\"elementor-container elementor-column-gap-default\">\n\t\t\t\t\t<div class=\"elementor-column elementor-col-100 elementor-top-column elementor-element elementor-element-1d8522f\" data-id=\"1d8522f\" data-element_type=\"column\" data-e-type=\"column\">\n\t\t\t<div class=\"elementor-widget-wrap\">\n\t\t\t\t\t\t\t<\/div>\n\t\t<\/div>\n\t\t\t\t\t<\/div>\n\t\t<\/section>\n\t\t<div class=\"elementor-element elementor-element-8d5dd44 e-grid e-con-boxed e-con e-parent\" data-id=\"8d5dd44\" data-element_type=\"container\" data-e-type=\"container\" data-settings=\"{&quot;_ha_eqh_enable&quot;:false}\">\n\t\t\t\t\t<div class=\"e-con-inner\">\n\t\t<div class=\"elementor-element elementor-element-a564042 e-con-full e-flex e-con e-child\" data-id=\"a564042\" data-element_type=\"container\" data-e-type=\"container\" data-settings=\"{&quot;_ha_eqh_enable&quot;:false}\">\n\t\t\t\t<div class=\"elementor-element elementor-element-7666df1 e-transform elementor-widget elementor-widget-image\" data-id=\"7666df1\" data-element_type=\"widget\" data-e-type=\"widget\" data-settings=\"{&quot;_animation&quot;:&quot;none&quot;,&quot;_animation_mobile&quot;:&quot;fadeIn&quot;,&quot;_transform_scale_effect_hover&quot;:{&quot;unit&quot;:&quot;px&quot;,&quot;size&quot;:0.9,&quot;sizes&quot;:[]},&quot;_transform_scale_effect_hover_tablet&quot;:{&quot;unit&quot;:&quot;px&quot;,&quot;size&quot;:&quot;&quot;,&quot;sizes&quot;:[]},&quot;_transform_scale_effect_hover_mobile&quot;:{&quot;unit&quot;:&quot;px&quot;,&quot;size&quot;:&quot;&quot;,&quot;sizes&quot;:[]}}\" data-widget_type=\"image.default\">\n\t\t\t\t<div class=\"elementor-widget-container\">\n\t\t\t\t\t\t\t\t\t\t\t\t\t\t\t\t<a href=\"https:\/\/www.ergelabulic.com\/en\/ergela-galerija\/\">\n\t\t\t\t\t\t\t<img fetchpriority=\"high\" decoding=\"async\" width=\"1024\" height=\"576\" src=\"https:\/\/www.ergelabulic.com\/wp-content\/uploads\/2025\/12\/slajd04-1024x576.jpg\" class=\"attachment-large size-large wp-image-13897\" alt=\"\" srcset=\"https:\/\/www.ergelabulic.com\/wp-content\/uploads\/2025\/12\/slajd04-1024x576.jpg 1024w, https:\/\/www.ergelabulic.com\/wp-content\/uploads\/2025\/12\/slajd04-300x169.jpg 300w, https:\/\/www.ergelabulic.com\/wp-content\/uploads\/2025\/12\/slajd04-768x432.jpg 768w, https:\/\/www.ergelabulic.com\/wp-content\/uploads\/2025\/12\/slajd04-1536x864.jpg 1536w, https:\/\/www.ergelabulic.com\/wp-content\/uploads\/2025\/12\/slajd04-2048x1152.jpg 2048w, https:\/\/www.ergelabulic.com\/wp-content\/uploads\/2025\/12\/slajd04-18x10.jpg 18w\" sizes=\"(max-width: 1024px) 100vw, 1024px\" \/>\t\t\t\t\t\t\t\t<\/a>\n\t\t\t\t\t\t\t\t\t\t\t\t\t\t\t<\/div>\n\t\t\t\t<\/div>\n\t\t\t\t<div class=\"elementor-element elementor-element-ad914c1 elementor-widget elementor-widget-heading\" data-id=\"ad914c1\" data-element_type=\"widget\" data-e-type=\"widget\" data-widget_type=\"heading.default\">\n\t\t\t\t<div class=\"elementor-widget-container\">\n\t\t\t\t\t<h2 class=\"elementor-heading-title elementor-size-default\">HORSE STABLE<\/h2>\t\t\t\t<\/div>\n\t\t\t\t<\/div>\n\t\t\t\t<\/div>\n\t\t<div class=\"elementor-element elementor-element-c2026f6 e-con-full e-flex e-con e-child\" data-id=\"c2026f6\" data-element_type=\"container\" data-e-type=\"container\" data-settings=\"{&quot;_ha_eqh_enable&quot;:false}\">\n\t\t\t\t<div class=\"elementor-element elementor-element-08cd0ff e-transform elementor-invisible elementor-widget elementor-widget-image\" data-id=\"08cd0ff\" data-element_type=\"widget\" data-e-type=\"widget\" data-settings=\"{&quot;_transform_scale_effect_hover&quot;:{&quot;unit&quot;:&quot;px&quot;,&quot;size&quot;:0.9,&quot;sizes&quot;:[]},&quot;_animation&quot;:&quot;fadeIn&quot;,&quot;_animation_mobile&quot;:&quot;fadeIn&quot;,&quot;_transform_scale_effect_hover_tablet&quot;:{&quot;unit&quot;:&quot;px&quot;,&quot;size&quot;:&quot;&quot;,&quot;sizes&quot;:[]},&quot;_transform_scale_effect_hover_mobile&quot;:{&quot;unit&quot;:&quot;px&quot;,&quot;size&quot;:&quot;&quot;,&quot;sizes&quot;:[]}}\" data-widget_type=\"image.default\">\n\t\t\t\t<div class=\"elementor-widget-container\">\n\t\t\t\t\t\t\t\t\t\t\t\t\t\t\t\t<a href=\"https:\/\/www.ergelabulic.com\/en\/kocije-galerija\/\">\n\t\t\t\t\t\t\t<img decoding=\"async\" width=\"1024\" height=\"576\" src=\"https:\/\/www.ergelabulic.com\/wp-content\/uploads\/2026\/01\/koc1-1024x576.jpg\" class=\"attachment-large size-large wp-image-14832\" alt=\"\" srcset=\"https:\/\/www.ergelabulic.com\/wp-content\/uploads\/2026\/01\/koc1-1024x576.jpg 1024w, https:\/\/www.ergelabulic.com\/wp-content\/uploads\/2026\/01\/koc1-500x281.jpg 500w, https:\/\/www.ergelabulic.com\/wp-content\/uploads\/2026\/01\/koc1-768x432.jpg 768w, https:\/\/www.ergelabulic.com\/wp-content\/uploads\/2026\/01\/koc1-18x10.jpg 18w, https:\/\/www.ergelabulic.com\/wp-content\/uploads\/2026\/01\/koc1.jpg 1216w\" sizes=\"(max-width: 1024px) 100vw, 1024px\" \/>\t\t\t\t\t\t\t\t<\/a>\n\t\t\t\t\t\t\t\t\t\t\t\t\t\t\t<\/div>\n\t\t\t\t<\/div>\n\t\t\t\t<div class=\"elementor-element elementor-element-127705b elementor-widget elementor-widget-heading\" data-id=\"127705b\" data-element_type=\"widget\" data-e-type=\"widget\" data-widget_type=\"heading.default\">\n\t\t\t\t<div class=\"elementor-widget-container\">\n\t\t\t\t\t<h2 class=\"elementor-heading-title elementor-size-default\">CARRIAGES<\/h2>\t\t\t\t<\/div>\n\t\t\t\t<\/div>\n\t\t\t\t<\/div>\n\t\t<div class=\"elementor-element elementor-element-431df97 e-con-full e-flex e-con e-child\" data-id=\"431df97\" data-element_type=\"container\" data-e-type=\"container\" data-settings=\"{&quot;_ha_eqh_enable&quot;:false}\">\n\t\t\t\t<div class=\"elementor-element elementor-element-d8192a9 e-transform elementor-invisible elementor-widget elementor-widget-image\" data-id=\"d8192a9\" data-element_type=\"widget\" data-e-type=\"widget\" data-settings=\"{&quot;_transform_scale_effect_hover&quot;:{&quot;unit&quot;:&quot;px&quot;,&quot;size&quot;:0.9,&quot;sizes&quot;:[]},&quot;_animation&quot;:&quot;fadeIn&quot;,&quot;_animation_mobile&quot;:&quot;fadeIn&quot;,&quot;_transform_scale_effect_hover_tablet&quot;:{&quot;unit&quot;:&quot;px&quot;,&quot;size&quot;:&quot;&quot;,&quot;sizes&quot;:[]},&quot;_transform_scale_effect_hover_mobile&quot;:{&quot;unit&quot;:&quot;px&quot;,&quot;size&quot;:&quot;&quot;,&quot;sizes&quot;:[]}}\" data-widget_type=\"image.default\">\n\t\t\t\t<div class=\"elementor-widget-container\">\n\t\t\t\t\t\t\t\t\t\t\t\t\t\t\t\t<a href=\"https:\/\/www.ergelabulic.com\/en\/vencanja-galerija\/\">\n\t\t\t\t\t\t\t<img decoding=\"async\" width=\"1024\" height=\"576\" src=\"https:\/\/www.ergelabulic.com\/wp-content\/uploads\/2026\/01\/venc1-1024x576.jpg\" class=\"attachment-large size-large wp-image-14834\" alt=\"\" srcset=\"https:\/\/www.ergelabulic.com\/wp-content\/uploads\/2026\/01\/venc1-1024x576.jpg 1024w, https:\/\/www.ergelabulic.com\/wp-content\/uploads\/2026\/01\/venc1-500x281.jpg 500w, https:\/\/www.ergelabulic.com\/wp-content\/uploads\/2026\/01\/venc1-768x432.jpg 768w, https:\/\/www.ergelabulic.com\/wp-content\/uploads\/2026\/01\/venc1-18x10.jpg 18w, https:\/\/www.ergelabulic.com\/wp-content\/uploads\/2026\/01\/venc1.jpg 1216w\" sizes=\"(max-width: 1024px) 100vw, 1024px\" \/>\t\t\t\t\t\t\t\t<\/a>\n\t\t\t\t\t\t\t\t\t\t\t\t\t\t\t<\/div>\n\t\t\t\t<\/div>\n\t\t\t\t<div class=\"elementor-element elementor-element-ee15a0e elementor-widget elementor-widget-heading\" data-id=\"ee15a0e\" data-element_type=\"widget\" data-e-type=\"widget\" data-widget_type=\"heading.default\">\n\t\t\t\t<div class=\"elementor-widget-container\">\n\t\t\t\t\t<h2 class=\"elementor-heading-title elementor-size-default\">WEDDINGS<\/h2>\t\t\t\t<\/div>\n\t\t\t\t<\/div>\n\t\t\t\t<\/div>\n\t\t<div class=\"elementor-element elementor-element-2f2a48b e-con-full e-flex e-con e-child\" data-id=\"2f2a48b\" data-element_type=\"container\" data-e-type=\"container\" data-settings=\"{&quot;_ha_eqh_enable&quot;:false}\">\n\t\t\t\t<div class=\"elementor-element elementor-element-3399fc8 e-transform elementor-invisible elementor-widget elementor-widget-image\" data-id=\"3399fc8\" data-element_type=\"widget\" data-e-type=\"widget\" data-settings=\"{&quot;_transform_scale_effect_hover&quot;:{&quot;unit&quot;:&quot;px&quot;,&quot;size&quot;:0.9,&quot;sizes&quot;:[]},&quot;_animation&quot;:&quot;fadeIn&quot;,&quot;_animation_mobile&quot;:&quot;fadeIn&quot;,&quot;_transform_scale_effect_hover_tablet&quot;:{&quot;unit&quot;:&quot;px&quot;,&quot;size&quot;:&quot;&quot;,&quot;sizes&quot;:[]},&quot;_transform_scale_effect_hover_mobile&quot;:{&quot;unit&quot;:&quot;px&quot;,&quot;size&quot;:&quot;&quot;,&quot;sizes&quot;:[]}}\" data-widget_type=\"image.default\">\n\t\t\t\t<div class=\"elementor-widget-container\">\n\t\t\t\t\t\t\t\t\t\t\t\t\t\t\t\t<a href=\"https:\/\/www.ergelabulic.com\/en\/snimanja-galerija\/\">\n\t\t\t\t\t\t\t<img loading=\"lazy\" decoding=\"async\" width=\"1024\" height=\"576\" src=\"https:\/\/www.ergelabulic.com\/wp-content\/uploads\/2026\/01\/snim1-1024x576.jpg\" class=\"attachment-large size-large wp-image-14835\" alt=\"\" srcset=\"https:\/\/www.ergelabulic.com\/wp-content\/uploads\/2026\/01\/snim1-1024x576.jpg 1024w, https:\/\/www.ergelabulic.com\/wp-content\/uploads\/2026\/01\/snim1-500x281.jpg 500w, https:\/\/www.ergelabulic.com\/wp-content\/uploads\/2026\/01\/snim1-768x432.jpg 768w, https:\/\/www.ergelabulic.com\/wp-content\/uploads\/2026\/01\/snim1-18x10.jpg 18w, https:\/\/www.ergelabulic.com\/wp-content\/uploads\/2026\/01\/snim1.jpg 1216w\" sizes=\"(max-width: 1024px) 100vw, 1024px\" \/>\t\t\t\t\t\t\t\t<\/a>\n\t\t\t\t\t\t\t\t\t\t\t\t\t\t\t<\/div>\n\t\t\t\t<\/div>\n\t\t\t\t<div class=\"elementor-element elementor-element-9856617 elementor-widget elementor-widget-heading\" data-id=\"9856617\" data-element_type=\"widget\" data-e-type=\"widget\" data-widget_type=\"heading.default\">\n\t\t\t\t<div class=\"elementor-widget-container\">\n\t\t\t\t\t<h2 class=\"elementor-heading-title elementor-size-default\">FILM &amp; COMMERCIALS<\/h2>\t\t\t\t<\/div>\n\t\t\t\t<\/div>\n\t\t\t\t<\/div>\n\t\t<div class=\"elementor-element elementor-element-12aafea e-con-full e-flex e-con e-child\" data-id=\"12aafea\" data-element_type=\"container\" data-e-type=\"container\" data-settings=\"{&quot;_ha_eqh_enable&quot;:false}\">\n\t\t\t\t<div class=\"elementor-element elementor-element-3482c38 e-transform elementor-invisible elementor-widget elementor-widget-image\" data-id=\"3482c38\" data-element_type=\"widget\" data-e-type=\"widget\" data-settings=\"{&quot;_transform_scale_effect_hover&quot;:{&quot;unit&quot;:&quot;px&quot;,&quot;size&quot;:0.9,&quot;sizes&quot;:[]},&quot;_animation&quot;:&quot;fadeIn&quot;,&quot;_animation_mobile&quot;:&quot;fadeIn&quot;,&quot;_transform_scale_effect_hover_tablet&quot;:{&quot;unit&quot;:&quot;px&quot;,&quot;size&quot;:&quot;&quot;,&quot;sizes&quot;:[]},&quot;_transform_scale_effect_hover_mobile&quot;:{&quot;unit&quot;:&quot;px&quot;,&quot;size&quot;:&quot;&quot;,&quot;sizes&quot;:[]}}\" data-widget_type=\"image.default\">\n\t\t\t\t<div class=\"elementor-widget-container\">\n\t\t\t\t\t\t\t\t\t\t\t\t\t\t\t\t<a href=\"https:\/\/www.ergelabulic.com\/en\/dogadjaji-galerija\/\">\n\t\t\t\t\t\t\t<img loading=\"lazy\" decoding=\"async\" width=\"1024\" height=\"576\" src=\"https:\/\/www.ergelabulic.com\/wp-content\/uploads\/2026\/01\/dog1-1024x576.jpg\" class=\"attachment-large size-large wp-image-14836\" alt=\"\" srcset=\"https:\/\/www.ergelabulic.com\/wp-content\/uploads\/2026\/01\/dog1-1024x576.jpg 1024w, https:\/\/www.ergelabulic.com\/wp-content\/uploads\/2026\/01\/dog1-500x281.jpg 500w, https:\/\/www.ergelabulic.com\/wp-content\/uploads\/2026\/01\/dog1-768x432.jpg 768w, https:\/\/www.ergelabulic.com\/wp-content\/uploads\/2026\/01\/dog1-18x10.jpg 18w, https:\/\/www.ergelabulic.com\/wp-content\/uploads\/2026\/01\/dog1.jpg 1216w\" sizes=\"(max-width: 1024px) 100vw, 1024px\" \/>\t\t\t\t\t\t\t\t<\/a>\n\t\t\t\t\t\t\t\t\t\t\t\t\t\t\t<\/div>\n\t\t\t\t<\/div>\n\t\t\t\t<div class=\"elementor-element elementor-element-454e6cc elementor-widget elementor-widget-heading\" data-id=\"454e6cc\" data-element_type=\"widget\" data-e-type=\"widget\" data-widget_type=\"heading.default\">\n\t\t\t\t<div class=\"elementor-widget-container\">\n\t\t\t\t\t<h2 class=\"elementor-heading-title elementor-size-default\">EVENTS<\/h2>\t\t\t\t<\/div>\n\t\t\t\t<\/div>\n\t\t\t\t<\/div>\n\t\t<div class=\"elementor-element elementor-element-6f2e68c e-con-full e-flex e-con e-child\" data-id=\"6f2e68c\" data-element_type=\"container\" data-e-type=\"container\" data-settings=\"{&quot;_ha_eqh_enable&quot;:false}\">\n\t\t\t\t<div class=\"elementor-element elementor-element-57602f1 e-transform elementor-invisible elementor-widget elementor-widget-image\" data-id=\"57602f1\" data-element_type=\"widget\" data-e-type=\"widget\" data-settings=\"{&quot;_transform_scale_effect_hover&quot;:{&quot;unit&quot;:&quot;px&quot;,&quot;size&quot;:0.9,&quot;sizes&quot;:[]},&quot;_animation&quot;:&quot;fadeIn&quot;,&quot;_animation_mobile&quot;:&quot;fadeIn&quot;,&quot;_transform_scale_effect_hover_tablet&quot;:{&quot;unit&quot;:&quot;px&quot;,&quot;size&quot;:&quot;&quot;,&quot;sizes&quot;:[]},&quot;_transform_scale_effect_hover_mobile&quot;:{&quot;unit&quot;:&quot;px&quot;,&quot;size&quot;:&quot;&quot;,&quot;sizes&quot;:[]}}\" data-widget_type=\"image.default\">\n\t\t\t\t<div class=\"elementor-widget-container\">\n\t\t\t\t\t\t\t\t\t\t\t\t\t\t\t\t<a href=\"https:\/\/www.ergelabulic.com\/en\/arhiva-galerija\/\">\n\t\t\t\t\t\t\t<img loading=\"lazy\" decoding=\"async\" width=\"1024\" height=\"576\" src=\"https:\/\/www.ergelabulic.com\/wp-content\/uploads\/2025\/10\/foto1-1024x576.jpg\" class=\"attachment-large size-large wp-image-13633\" alt=\"\" srcset=\"https:\/\/www.ergelabulic.com\/wp-content\/uploads\/2025\/10\/foto1-1024x576.jpg 1024w, https:\/\/www.ergelabulic.com\/wp-content\/uploads\/2025\/10\/foto1-300x169.jpg 300w, https:\/\/www.ergelabulic.com\/wp-content\/uploads\/2025\/10\/foto1-768x432.jpg 768w, https:\/\/www.ergelabulic.com\/wp-content\/uploads\/2025\/10\/foto1-18x10.jpg 18w, https:\/\/www.ergelabulic.com\/wp-content\/uploads\/2025\/10\/foto1.jpg 1216w\" sizes=\"(max-width: 1024px) 100vw, 1024px\" \/>\t\t\t\t\t\t\t\t<\/a>\n\t\t\t\t\t\t\t\t\t\t\t\t\t\t\t<\/div>\n\t\t\t\t<\/div>\n\t\t\t\t<div class=\"elementor-element elementor-element-23c5f63 elementor-widget elementor-widget-heading\" data-id=\"23c5f63\" data-element_type=\"widget\" data-e-type=\"widget\" data-widget_type=\"heading.default\">\n\t\t\t\t<div class=\"elementor-widget-container\">\n\t\t\t\t\t<h2 class=\"elementor-heading-title elementor-size-default\">ARCHIVE<\/h2>\t\t\t\t<\/div>\n\t\t\t\t<\/div>\n\t\t\t\t<\/div>\n\t\t<div class=\"elementor-element elementor-element-2d00948 e-con-full e-flex e-con e-child\" data-id=\"2d00948\" data-element_type=\"container\" data-e-type=\"container\" data-settings=\"{&quot;_ha_eqh_enable&quot;:false}\">\n\t\t\t\t<div class=\"elementor-element elementor-element-f63ad00 e-transform elementor-invisible elementor-widget elementor-widget-image\" data-id=\"f63ad00\" data-element_type=\"widget\" data-e-type=\"widget\" data-settings=\"{&quot;_transform_scale_effect_hover&quot;:{&quot;unit&quot;:&quot;px&quot;,&quot;size&quot;:0.9,&quot;sizes&quot;:[]},&quot;_animation&quot;:&quot;fadeIn&quot;,&quot;_animation_mobile&quot;:&quot;fadeIn&quot;,&quot;_transform_scale_effect_hover_tablet&quot;:{&quot;unit&quot;:&quot;px&quot;,&quot;size&quot;:&quot;&quot;,&quot;sizes&quot;:[]},&quot;_transform_scale_effect_hover_mobile&quot;:{&quot;unit&quot;:&quot;px&quot;,&quot;size&quot;:&quot;&quot;,&quot;sizes&quot;:[]}}\" data-widget_type=\"image.default\">\n\t\t\t\t<div class=\"elementor-widget-container\">\n\t\t\t\t\t\t\t\t\t\t\t\t\t\t\t\t<a href=\"https:\/\/www.ergelabulic.com\/en\/novine-galerija\/\">\n\t\t\t\t\t\t\t<img loading=\"lazy\" decoding=\"async\" width=\"1024\" height=\"576\" src=\"https:\/\/www.ergelabulic.com\/wp-content\/uploads\/2026\/01\/nov1-1024x576.jpg\" class=\"attachment-large size-large wp-image-14837\" alt=\"\" srcset=\"https:\/\/www.ergelabulic.com\/wp-content\/uploads\/2026\/01\/nov1-1024x576.jpg 1024w, https:\/\/www.ergelabulic.com\/wp-content\/uploads\/2026\/01\/nov1-500x281.jpg 500w, https:\/\/www.ergelabulic.com\/wp-content\/uploads\/2026\/01\/nov1-768x432.jpg 768w, https:\/\/www.ergelabulic.com\/wp-content\/uploads\/2026\/01\/nov1-18x10.jpg 18w, https:\/\/www.ergelabulic.com\/wp-content\/uploads\/2026\/01\/nov1.jpg 1216w\" sizes=\"(max-width: 1024px) 100vw, 1024px\" \/>\t\t\t\t\t\t\t\t<\/a>\n\t\t\t\t\t\t\t\t\t\t\t\t\t\t\t<\/div>\n\t\t\t\t<\/div>\n\t\t\t\t<div class=\"elementor-element elementor-element-5de3db0 elementor-widget elementor-widget-heading\" data-id=\"5de3db0\" data-element_type=\"widget\" data-e-type=\"widget\" data-widget_type=\"heading.default\">\n\t\t\t\t<div class=\"elementor-widget-container\">\n\t\t\t\t\t<h2 class=\"elementor-heading-title elementor-size-default\">NEWSPAPERS<\/h2>\t\t\t\t<\/div>\n\t\t\t\t<\/div>\n\t\t\t\t<\/div>\n\t\t<div class=\"elementor-element elementor-element-7f12c71 e-con-full e-flex e-con e-child\" data-id=\"7f12c71\" data-element_type=\"container\" data-e-type=\"container\" data-settings=\"{&quot;_ha_eqh_enable&quot;:false}\">\n\t\t\t\t<div class=\"elementor-element elementor-element-304efba e-transform elementor-invisible elementor-widget elementor-widget-image\" data-id=\"304efba\" data-element_type=\"widget\" data-e-type=\"widget\" data-settings=\"{&quot;_transform_scale_effect_hover&quot;:{&quot;unit&quot;:&quot;px&quot;,&quot;size&quot;:0.9,&quot;sizes&quot;:[]},&quot;_animation&quot;:&quot;fadeIn&quot;,&quot;_animation_mobile&quot;:&quot;fadeIn&quot;,&quot;_transform_scale_effect_hover_tablet&quot;:{&quot;unit&quot;:&quot;px&quot;,&quot;size&quot;:&quot;&quot;,&quot;sizes&quot;:[]},&quot;_transform_scale_effect_hover_mobile&quot;:{&quot;unit&quot;:&quot;px&quot;,&quot;size&quot;:&quot;&quot;,&quot;sizes&quot;:[]}}\" data-widget_type=\"image.default\">\n\t\t\t\t<div class=\"elementor-widget-container\">\n\t\t\t\t\t\t\t\t\t\t\t\t\t\t\t\t<a href=\"https:\/\/www.youtube.com\/@ErgelaBulic-c3g\/videos\">\n\t\t\t\t\t\t\t<img loading=\"lazy\" decoding=\"async\" width=\"1024\" height=\"576\" src=\"https:\/\/www.ergelabulic.com\/wp-content\/uploads\/2025\/10\/tub1-1024x576.jpg\" class=\"attachment-large size-large wp-image-13635\" alt=\"\" srcset=\"https:\/\/www.ergelabulic.com\/wp-content\/uploads\/2025\/10\/tub1-1024x576.jpg 1024w, https:\/\/www.ergelabulic.com\/wp-content\/uploads\/2025\/10\/tub1-300x169.jpg 300w, https:\/\/www.ergelabulic.com\/wp-content\/uploads\/2025\/10\/tub1-768x432.jpg 768w, https:\/\/www.ergelabulic.com\/wp-content\/uploads\/2025\/10\/tub1-18x10.jpg 18w, https:\/\/www.ergelabulic.com\/wp-content\/uploads\/2025\/10\/tub1.jpg 1216w\" sizes=\"(max-width: 1024px) 100vw, 1024px\" \/>\t\t\t\t\t\t\t\t<\/a>\n\t\t\t\t\t\t\t\t\t\t\t\t\t\t\t<\/div>\n\t\t\t\t<\/div>\n\t\t\t\t<div class=\"elementor-element elementor-element-39fca0e elementor-widget elementor-widget-heading\" data-id=\"39fca0e\" data-element_type=\"widget\" data-e-type=\"widget\" data-widget_type=\"heading.default\">\n\t\t\t\t<div class=\"elementor-widget-container\">\n\t\t\t\t\t<h2 class=\"elementor-heading-title elementor-size-default\">VIDEO<\/h2>\t\t\t\t<\/div>\n\t\t\t\t<\/div>\n\t\t\t\t<\/div>\n\t\t\t\t\t<\/div>\n\t\t\t\t<\/div>\n\t\t<div class=\"elementor-element elementor-element-f5da61e e-flex e-con-boxed e-con e-parent\" data-id=\"f5da61e\" data-element_type=\"container\" data-e-type=\"container\" data-settings=\"{&quot;_ha_eqh_enable&quot;:false}\">\n\t\t\t\t\t<div class=\"e-con-inner\">\n\t\t<div class=\"elementor-element elementor-element-b52d86f e-con-full e-flex e-con e-child\" data-id=\"b52d86f\" data-element_type=\"container\" data-e-type=\"container\" data-settings=\"{&quot;_ha_eqh_enable&quot;:false}\">\n\t\t<div class=\"elementor-element elementor-element-00fcc09 e-con-full e-flex e-con e-child\" data-id=\"00fcc09\" data-element_type=\"container\" data-e-type=\"container\" data-settings=\"{&quot;_ha_eqh_enable&quot;:false}\">\n\t\t<div class=\"elementor-element elementor-element-982d69c e-con-full e-flex e-con e-child\" data-id=\"982d69c\" data-element_type=\"container\" data-e-type=\"container\" data-settings=\"{&quot;_ha_eqh_enable&quot;:false}\">\n\t\t\t\t<\/div>\n\t\t\t\t<\/div>\n\t\t\t\t<\/div>\n\t\t\t\t\t<\/div>\n\t\t\t\t<\/div>\n\t\t<div class=\"elementor-element elementor-element-f24cac8 e-flex e-con-boxed e-con e-parent\" data-id=\"f24cac8\" data-element_type=\"container\" data-e-type=\"container\" data-settings=\"{&quot;_ha_eqh_enable&quot;:false}\">\n\t\t\t\t\t<div class=\"e-con-inner\">\n\t\t\t\t<div class=\"elementor-element elementor-element-06e2963 elementor-widget elementor-widget-spacer\" data-id=\"06e2963\" data-element_type=\"widget\" data-e-type=\"widget\" data-widget_type=\"spacer.default\">\n\t\t\t\t<div class=\"elementor-widget-container\">\n\t\t\t\t\t\t\t<div class=\"elementor-spacer\">\n\t\t\t<div class=\"elementor-spacer-inner\"><\/div>\n\t\t<\/div>\n\t\t\t\t\t\t<\/div>\n\t\t\t\t<\/div>\n\t\t\t\t\t<\/div>\n\t\t\t\t<\/div>\n\t\t\t\t<\/div>","protected":false},"excerpt":{"rendered":"<p>ERGELA KO\u010cIJE VEN\u010cANJA SNIMANJA DOGA\u0110AJI ARHIVA NOVINE VIDEO<\/p>","protected":false},"author":1,"featured_media":0,"parent":0,"menu_order":0,"comment_status":"closed","ping_status":"closed","template":"","meta":{"footnotes":""},"class_list":["post-13317","page","type-page","status-publish","hentry"],"blocksy_meta":[],"_links":{"self":[{"href":"https:\/\/www.ergelabulic.com\/en\/wp-json\/wp\/v2\/pages\/13317","targetHints":{"allow":["GET"]}}],"collection":[{"href":"https:\/\/www.ergelabulic.com\/en\/wp-json\/wp\/v2\/pages"}],"about":[{"href":"https:\/\/www.ergelabulic.com\/en\/wp-json\/wp\/v2\/types\/page"}],"author":[{"embeddable":true,"href":"https:\/\/www.ergelabulic.com\/en\/wp-json\/wp\/v2\/users\/1"}],"replies":[{"embeddable":true,"href":"https:\/\/www.ergelabulic.com\/en\/wp-json\/wp\/v2\/comments?post=13317"}],"version-history":[{"count":33,"href":"https:\/\/www.ergelabulic.com\/en\/wp-json\/wp\/v2\/pages\/13317\/revisions"}],"predecessor-version":[{"id":14846,"href":"https:\/\/www.ergelabulic.com\/en\/wp-json\/wp\/v2\/pages\/13317\/revisions\/14846"}],"wp:attachment":[{"href":"https:\/\/www.ergelabulic.com\/en\/wp-json\/wp\/v2\/media?parent=13317"}],"curies":[{"name":"wp","href":"https:\/\/api.w.org\/{rel}","templated":true}]}}